{"id":759,"date":"2025-05-26T23:45:18","date_gmt":"2025-05-27T02:45:18","guid":{"rendered":"http:\/\/acaounivida.org.br\/?page_id=759"},"modified":"2025-08-18T11:06:01","modified_gmt":"2025-08-18T14:06:01","slug":"nosso-dia-a-dia","status":"publish","type":"page","link":"https:\/\/acaounivida.org.br\/index.php\/nosso-dia-a-dia\/","title":{"rendered":""},"content":{"rendered":"\n<figure class=\"wp-block-image alignfull size-large\" style=\"margin-top: -90px;\">\n    <img decoding=\"async\" src=\"http:\/\/acaounivida.org.br\/wp-content\/uploads\/2025\/07\/1978755-nublado-divertido-fundo-arco-iris-gratis-vetor-1536x983_LE_upscale_balanced_x2-1-e1753768485935.jpg\" alt=\"\" class=\"wp-image-2351\"\/>\n<\/figure>\n\n\n\n<h1 class=\"wp-block-heading has-text-align-center\">Trabalho Social<\/h1>\n\n\n\n<div class=\"texto-curumim\">\n    <p>A A\u00e7\u00e3o Univida \u00e9 uma institui\u00e7\u00e3o beneficente que atua no aux\u00edlio e amparo social a crian\u00e7as, adolescentes e idosos, h\u00e1 27 anos.<\/p> \n    \n    <p>Fundada inicialmente para amparar portadores do v\u00edrus do HIV, a institui\u00e7\u00e3o atende hoje 115 crian\u00e7as e adolescentes, de 3 a 16 anos, que residem em comunidades locais e redondeza, s\u00e3o crian\u00e7as que vivem e convivem com o v\u00edrus HIV\/AIDS, CA que \u00e9 o c\u00e2ncer e tamb\u00e9m de extrema car\u00eancia que uma quest\u00e3o humanit\u00e1ria mesmo, \u00e1 Univida acaba abrindo exce\u00e7\u00e3o e vem a atender essas crian\u00e7as ou adolescentes.<\/p> \n\n    <p>As crian\u00e7as s\u00e3o atendidas em dois per\u00edodos de manh\u00e3 e \u00e0 tarde, no projeto Sementes do Amanh\u00e3.\n    Recebemos nossas crian\u00e7as de segunda a sexta-feira, das 08h \u00e0s 17h, e aos s\u00e1bados das 08h \u00e0s 16h durante todo o ano. \n    No espa\u00e7o, as crian\u00e7as do per\u00edodo da manh\u00e3 recebem caf\u00e9 da manh\u00e3 e almo\u00e7o no per\u00edodo da tarde recebem almo\u00e7o e caf\u00e9 da tarde todos os dias.<\/p>\n\n    <p>Essas crian\u00e7as e adolescentes al\u00e9m da alimenta\u00e7\u00e3o que elas recebem, elas tamb\u00e9m t\u00eam diversos tipos de atividades l\u00fadicas, aula de inform\u00e1tica, aulas de capoeira, aulas de flautas, artesanato que auxiliam em seu desenvolvimento cognitivo, \u00e9tico e moral, al\u00e9m de muito amor e carinho.<\/p> \n\n    <p>Temos tamb\u00e9m o projeto \u201cPortas Abertas\u201d que s\u00e3o as crian\u00e7as impossibilitadas de se locomover.<br \/>A assistente social vai at\u00e9 a resid\u00eancia e leva todo o apoio, como cestas b\u00e1sicas, fraldas descart\u00e1veis, cadeiras de rodas e acompanhamento para um tratamento.<\/p>\n\n    <p>As fam\u00edlias recebem uma cesta b\u00e1sica mensalmente, orienta\u00e7\u00e3o psicol\u00f3gica e visita domiciliar da Assistente Social.\n    Contamos com um atendimento com a terceira idade; hoje frequenta o espa\u00e7o 108 idosos frequentam o espa\u00e7o.<\/p>\n\n    <p>O projeto tem como nome NCI \u2013 Univida \u2013 N\u00facleo de Conviv\u00eancia do Idoso, eles realizam atividades como caminhadas na pra\u00e7a, costura, pintura, capoeira, artesanato, dan\u00e7a, canto, entre outras, que visam melhorar a qualidade de vida e deixar ainda mais florida a melhor idade.<\/p>\n\n    <p>E tamb\u00e9m com atendimentos diversos e acompanhamentos em seus lares, no caso daqueles que estejam enfermos impossibilitados de participar diretamente das atividades na sede da institui\u00e7\u00e3o.<\/p> \n\n    <p>Recebemos nossos idosos de segunda a sexta-feira, das 08h \u00e0s 12h, durante todo o ano. No espa\u00e7o, os idosos recebem 2 refei\u00e7\u00f5es ao dia caf\u00e9 da manh\u00e3 e lanche refor\u00e7ado.<\/p>\n\n    <p>A localiza\u00e7\u00e3o dos atendimentos \u00e9: (Semente do Amanh\u00e3 \u2013 Av. Jo\u00e3o Batista Santiago, 373 Parque Santa Rita, na Zona Leste de s\u00e3o Paulo) (N\u00facleo de Conviv\u00eancia do Idoso &#8211; Av. Jo\u00e3o Batista Santiago, 511, Parque Santa Rita, na Zona Leste de s\u00e3o Paulo)\n    <\/p>  \n<\/div>\n\n\n\n<div class=\"wp-block-columns is-layout-flex wp-container-core-columns-is-layout-28f84493 wp-block-columns-is-layout-flex\">\n<div class=\"wp-block-column is-vertically-aligned-center is-layout-flow wp-block-column-is-layout-flow\">\n<figure class=\"wp-block-image aligncenter size-large\"><img fetchpriority=\"high\" decoding=\"async\" width=\"1024\" height=\"576\" src=\"http:\/\/acaounivida.org.br\/wp-content\/uploads\/2025\/07\/IMG_20250310_103008-1536x864-2-1024x576.jpg\" alt=\"\" class=\"wp-image-2271\" srcset=\"https:\/\/acaounivida.org.br\/wp-content\/uploads\/2025\/07\/IMG_20250310_103008-1536x864-2-1024x576.jpg 1024w, https:\/\/acaounivida.org.br\/wp-content\/uploads\/2025\/07\/IMG_20250310_103008-1536x864-2-300x169.jpg 300w, https:\/\/acaounivida.org.br\/wp-content\/uploads\/2025\/07\/IMG_20250310_103008-1536x864-2.jpg 1536w\" sizes=\"(max-width: 1024px) 100vw, 1024px\" \/><\/figure>\n\n\n\n<figure class=\"wp-block-gallery has-nested-images columns-default is-cropped wp-block-gallery-1 is-layout-flex wp-block-gallery-is-layout-flex\">\n<figure class=\"wp-block-image size-large\"><img decoding=\"async\" width=\"768\" height=\"1024\" data-id=\"2257\" src=\"http:\/\/acaounivida.org.br\/wp-content\/uploads\/2025\/07\/IMG_20230930_134906-1152x1536-1-768x1024.jpg\" alt=\"\" class=\"wp-image-2257\" srcset=\"https:\/\/acaounivida.org.br\/wp-content\/uploads\/2025\/07\/IMG_20230930_134906-1152x1536-1-768x1024.jpg 768w, https:\/\/acaounivida.org.br\/wp-content\/uploads\/2025\/07\/IMG_20230930_134906-1152x1536-1-225x300.jpg 225w, https:\/\/acaounivida.org.br\/wp-content\/uploads\/2025\/07\/IMG_20230930_134906-1152x1536-1.jpg 1152w\" sizes=\"(max-width: 768px) 100vw, 768px\" \/><\/figure>\n\n\n\n<figure class=\"wp-block-image size-large\"><img decoding=\"async\" width=\"1024\" height=\"576\" data-id=\"2272\" src=\"http:\/\/acaounivida.org.br\/wp-content\/uploads\/2025\/07\/IMG_20250310_102858-1536x864-3-1024x576.jpg\" alt=\"\" class=\"wp-image-2272\" srcset=\"https:\/\/acaounivida.org.br\/wp-content\/uploads\/2025\/07\/IMG_20250310_102858-1536x864-3-1024x576.jpg 1024w, https:\/\/acaounivida.org.br\/wp-content\/uploads\/2025\/07\/IMG_20250310_102858-1536x864-3-300x169.jpg 300w, https:\/\/acaounivida.org.br\/wp-content\/uploads\/2025\/07\/IMG_20250310_102858-1536x864-3.jpg 1536w\" sizes=\"(max-width: 1024px) 100vw, 1024px\" \/><\/figure>\n\n\n\n<figure class=\"wp-block-image size-full\"><img loading=\"lazy\" decoding=\"async\" width=\"905\" height=\"774\" data-id=\"2268\" src=\"http:\/\/acaounivida.org.br\/wp-content\/uploads\/2025\/07\/WhatsApp-Image-2021-01-19-at-19.02.31-1.jpeg\" alt=\"\" class=\"wp-image-2268\" srcset=\"https:\/\/acaounivida.org.br\/wp-content\/uploads\/2025\/07\/WhatsApp-Image-2021-01-19-at-19.02.31-1.jpeg 905w, https:\/\/acaounivida.org.br\/wp-content\/uploads\/2025\/07\/WhatsApp-Image-2021-01-19-at-19.02.31-1-300x257.jpeg 300w\" sizes=\"(max-width: 905px) 100vw, 905px\" \/><\/figure>\n\n\n\n<figure class=\"wp-block-image size-large\"><img loading=\"lazy\" decoding=\"async\" width=\"1024\" height=\"576\" data-id=\"2260\" src=\"http:\/\/acaounivida.org.br\/wp-content\/uploads\/2025\/07\/IMG_20250310_090611-1536x864-2-1024x576.jpg\" alt=\"\" class=\"wp-image-2260\" srcset=\"https:\/\/acaounivida.org.br\/wp-content\/uploads\/2025\/07\/IMG_20250310_090611-1536x864-2-1024x576.jpg 1024w, https:\/\/acaounivida.org.br\/wp-content\/uploads\/2025\/07\/IMG_20250310_090611-1536x864-2-300x169.jpg 300w, https:\/\/acaounivida.org.br\/wp-content\/uploads\/2025\/07\/IMG_20250310_090611-1536x864-2.jpg 1536w\" sizes=\"(max-width: 1024px) 100vw, 1024px\" \/><\/figure>\n\n\n\n<figure class=\"wp-block-image size-large\"><img loading=\"lazy\" decoding=\"async\" width=\"1024\" height=\"576\" data-id=\"2273\" src=\"http:\/\/acaounivida.org.br\/wp-content\/uploads\/2025\/07\/20211218_120120-1024x576.jpg\" alt=\"\" class=\"wp-image-2273\" srcset=\"https:\/\/acaounivida.org.br\/wp-content\/uploads\/2025\/07\/20211218_120120-1024x576.jpg 1024w, https:\/\/acaounivida.org.br\/wp-content\/uploads\/2025\/07\/20211218_120120-300x169.jpg 300w, https:\/\/acaounivida.org.br\/wp-content\/uploads\/2025\/07\/20211218_120120-2000x1125.jpg 2000w\" sizes=\"(max-width: 1024px) 100vw, 1024px\" \/><\/figure>\n\n\n\n<figure class=\"wp-block-image size-large\"><img loading=\"lazy\" decoding=\"async\" width=\"1024\" height=\"768\" data-id=\"2270\" src=\"http:\/\/acaounivida.org.br\/wp-content\/uploads\/2025\/07\/20201009_150436_01-scaled-2-1024x768.jpg\" alt=\"\" class=\"wp-image-2270\" srcset=\"https:\/\/acaounivida.org.br\/wp-content\/uploads\/2025\/07\/20201009_150436_01-scaled-2-1024x768.jpg 1024w, https:\/\/acaounivida.org.br\/wp-content\/uploads\/2025\/07\/20201009_150436_01-scaled-2-300x225.jpg 300w, https:\/\/acaounivida.org.br\/wp-content\/uploads\/2025\/07\/20201009_150436_01-scaled-2-2000x1500.jpg 2000w\" sizes=\"(max-width: 1024px) 100vw, 1024px\" \/><\/figure>\n\n\n\n<figure class=\"wp-block-image size-large\"><img loading=\"lazy\" decoding=\"async\" width=\"1024\" height=\"576\" data-id=\"2261\" src=\"http:\/\/acaounivida.org.br\/wp-content\/uploads\/2025\/07\/IMG_20250215_115650-1024x576-1.jpg\" alt=\"\" class=\"wp-image-2261\" srcset=\"https:\/\/acaounivida.org.br\/wp-content\/uploads\/2025\/07\/IMG_20250215_115650-1024x576-1.jpg 1024w, https:\/\/acaounivida.org.br\/wp-content\/uploads\/2025\/07\/IMG_20250215_115650-1024x576-1-300x169.jpg 300w\" sizes=\"(max-width: 1024px) 100vw, 1024px\" \/><\/figure>\n<\/figure>\n<\/div>\n<\/div>\n\n\n\n<div style=\"height:17px\" aria-hidden=\"true\" class=\"wp-block-spacer\"><\/div>\n\n\n\n<div class=\"wp-block-button is-style-fill\" style=\"text-align: center\">\n  <a class=\"wp-block-button__link has-text-align-center wp-element-button\" \n    href=\"http:\/\/acaounivida.org.br\/index.php\/como-ajudar\/\" \n    style=\"background-color: #FF0000; color: white; padding: 10px 20px; border-radius: 50px; text-decoration: none;font-size: 20px; font-weight: 600; left: 0%; width: 150px; height: 50px; position: relative\">\n    Doar\n  <\/a>\n<\/div>\n\n\n\n<div style=\"height:45px\" aria-hidden=\"true\" class=\"wp-block-spacer\"><\/div>\n\n\n\n<div class=\"googlemaps\">\n<iframe src=\"https:\/\/www.google.com\/maps\/embed?pb=!1m18!1m12!1m3!1d3658.5233399928456!2d-46.41749862502266!3d-23.513672359841213!2m3!1f0!2f0!3f0!3m2!1i1024!2i768!4f13.1!3m3!1m2!1s0x94ce6476a20b18df%3A0xe68e57be957f8399!2sAv.%20Jo%C3%A3o%20Batista%20Santiago%2C%20373%20-%20Parque%20Santa%20Rita%2C%20S%C3%A3o%20Paulo%20-%20SP%2C%2008150-030!5e0!3m2!1spt-BR!2sbr!4v1752803887391!5m2!1spt-BR!2sbr\" width=\"600\" height=\"450\" style=\"border:0;\" allowfullscreen=\"\" loading=\"lazy\" referrerpolicy=\"no-referrer-when-downgrade\"><\/iframe>\n<\/div>\n","protected":false},"excerpt":{"rendered":"<p>Trabalho Social A A\u00e7\u00e3o Univida \u00e9 uma institui\u00e7\u00e3o beneficente que atua no aux\u00edlio e amparo social a crian\u00e7as, adolescentes e idosos, h\u00e1 27 anos. Fundada inicialmente para amparar portadores do v\u00edrus do HIV, a institui\u00e7\u00e3o atende hoje 115 crian\u00e7as e adolescentes, de 3 a 16 anos, que residem em comunidades locais e redondeza, s\u00e3o crian\u00e7as &hellip; <\/p>\n<p class=\"link-more\"><a href=\"https:\/\/acaounivida.org.br\/index.php\/nosso-dia-a-dia\/\" class=\"more-link\">Leia mais<span class=\"screen-reader-text\"> &#8220;&#8221;<\/span><\/a><\/p>\n","protected":false},"author":1,"featured_media":0,"parent":0,"menu_order":0,"comment_status":"closed","ping_status":"closed","template":"","meta":{"inspiro_hide_title":false,"footnotes":""},"class_list":["post-759","page","type-page","status-publish","hentry"],"yoast_head":"<!-- This site is optimized with the Yoast SEO plugin v27.4 - https:\/\/yoast.com\/product\/yoast-seo-wordpress\/ -->\n<title>- Institui\u00e7\u00e3o Beneficente A\u00e7\u00e3o Univida<\/title>\n<meta name=\"robots\" content=\"index, follow, max-snippet:-1, max-image-preview:large, max-video-preview:-1\" \/>\n<link rel=\"canonical\" href=\"https:\/\/acaounivida.org.br\/index.php\/nosso-dia-a-dia\/\" \/>\n<meta property=\"og:locale\" content=\"pt_BR\" \/>\n<meta property=\"og:type\" content=\"article\" \/>\n<meta property=\"og:title\" content=\"- Institui\u00e7\u00e3o Beneficente A\u00e7\u00e3o Univida\" \/>\n<meta property=\"og:description\" content=\"Trabalho Social A A\u00e7\u00e3o Univida \u00e9 uma institui\u00e7\u00e3o beneficente que atua no aux\u00edlio e amparo social a crian\u00e7as, adolescentes e idosos, h\u00e1 27 anos. Fundada inicialmente para amparar portadores do v\u00edrus do HIV, a institui\u00e7\u00e3o atende hoje 115 crian\u00e7as e adolescentes, de 3 a 16 anos, que residem em comunidades locais e redondeza, s\u00e3o crian\u00e7as &hellip; Leia mais &quot;&quot;\" \/>\n<meta property=\"og:url\" content=\"https:\/\/acaounivida.org.br\/index.php\/nosso-dia-a-dia\/\" \/>\n<meta property=\"og:site_name\" content=\"Institui\u00e7\u00e3o Beneficente A\u00e7\u00e3o Univida\" \/>\n<meta property=\"article:publisher\" content=\"https:\/\/www.facebook.com\/associacaoespacocurumim\" \/>\n<meta property=\"article:modified_time\" content=\"2025-08-18T14:06:01+00:00\" \/>\n<meta property=\"og:image\" content=\"https:\/\/acaounivida.org.br\/wp-content\/uploads\/2025\/07\/BannercarapintadaTextofundolapis1_LE_upscale_balanced_x2.jpg\" \/>\n\t<meta property=\"og:image:width\" content=\"2400\" \/>\n\t<meta property=\"og:image:height\" content=\"1000\" \/>\n\t<meta property=\"og:image:type\" content=\"image\/jpeg\" \/>\n<meta name=\"twitter:card\" content=\"summary_large_image\" \/>\n<meta name=\"twitter:label1\" content=\"Est. tempo de leitura\" \/>\n\t<meta name=\"twitter:data1\" content=\"5 minutos\" \/>\n<script type=\"application\/ld+json\" class=\"yoast-schema-graph\">{\"@context\":\"https:\\\/\\\/schema.org\",\"@graph\":[{\"@type\":\"WebPage\",\"@id\":\"https:\\\/\\\/acaounivida.org.br\\\/index.php\\\/nosso-dia-a-dia\\\/\",\"url\":\"https:\\\/\\\/acaounivida.org.br\\\/index.php\\\/nosso-dia-a-dia\\\/\",\"name\":\"- Institui\u00e7\u00e3o Beneficente A\u00e7\u00e3o Univida\",\"isPartOf\":{\"@id\":\"https:\\\/\\\/acaounivida.org.br\\\/#website\"},\"primaryImageOfPage\":{\"@id\":\"https:\\\/\\\/acaounivida.org.br\\\/index.php\\\/nosso-dia-a-dia\\\/#primaryimage\"},\"image\":{\"@id\":\"https:\\\/\\\/acaounivida.org.br\\\/index.php\\\/nosso-dia-a-dia\\\/#primaryimage\"},\"thumbnailUrl\":\"http:\\\/\\\/acaounivida.org.br\\\/wp-content\\\/uploads\\\/2025\\\/07\\\/1978755-nublado-divertido-fundo-arco-iris-gratis-vetor-1536x983_LE_upscale_balanced_x2-1-e1753768485935.jpg\",\"datePublished\":\"2025-05-27T02:45:18+00:00\",\"dateModified\":\"2025-08-18T14:06:01+00:00\",\"inLanguage\":\"pt-BR\",\"potentialAction\":[{\"@type\":\"ReadAction\",\"target\":[\"https:\\\/\\\/acaounivida.org.br\\\/index.php\\\/nosso-dia-a-dia\\\/\"]}]},{\"@type\":\"ImageObject\",\"inLanguage\":\"pt-BR\",\"@id\":\"https:\\\/\\\/acaounivida.org.br\\\/index.php\\\/nosso-dia-a-dia\\\/#primaryimage\",\"url\":\"https:\\\/\\\/acaounivida.org.br\\\/wp-content\\\/uploads\\\/2025\\\/07\\\/BannercarapintadaTextofundolapis1_LE_upscale_balanced_x2.jpg\",\"contentUrl\":\"https:\\\/\\\/acaounivida.org.br\\\/wp-content\\\/uploads\\\/2025\\\/07\\\/BannercarapintadaTextofundolapis1_LE_upscale_balanced_x2.jpg\",\"width\":2400,\"height\":1000},{\"@type\":\"WebSite\",\"@id\":\"https:\\\/\\\/acaounivida.org.br\\\/#website\",\"url\":\"https:\\\/\\\/acaounivida.org.br\\\/\",\"name\":\"Associa\u00e7\u00e3o Espa\u00e7o Curumim\",\"description\":\"A\u00e7\u00e3o UniVida: Institui\u00e7\u00e3o beneficente que constr\u00f3i um mundo melhor atrav\u00e9s da educa\u00e7\u00e3o em valores e apoio a fam\u00edlias vulner\u00e1veis. Conhe\u00e7a nossos projetos e como ajudar.\",\"publisher\":{\"@id\":\"https:\\\/\\\/acaounivida.org.br\\\/#organization\"},\"potentialAction\":[{\"@type\":\"SearchAction\",\"target\":{\"@type\":\"EntryPoint\",\"urlTemplate\":\"https:\\\/\\\/acaounivida.org.br\\\/?s={search_term_string}\"},\"query-input\":{\"@type\":\"PropertyValueSpecification\",\"valueRequired\":true,\"valueName\":\"search_term_string\"}}],\"inLanguage\":\"pt-BR\"},{\"@type\":\"Organization\",\"@id\":\"https:\\\/\\\/acaounivida.org.br\\\/#organization\",\"name\":\"Associa\u00e7\u00e3o Espa\u00e7o Curumim\",\"url\":\"https:\\\/\\\/acaounivida.org.br\\\/\",\"logo\":{\"@type\":\"ImageObject\",\"inLanguage\":\"pt-BR\",\"@id\":\"https:\\\/\\\/acaounivida.org.br\\\/#\\\/schema\\\/logo\\\/image\\\/\",\"url\":\"https:\\\/\\\/acaounivida.org.br\\\/wp-content\\\/uploads\\\/2025\\\/07\\\/logo-com-sobra-2025.png\",\"contentUrl\":\"https:\\\/\\\/acaounivida.org.br\\\/wp-content\\\/uploads\\\/2025\\\/07\\\/logo-com-sobra-2025.png\",\"width\":400,\"height\":347,\"caption\":\"Associa\u00e7\u00e3o Espa\u00e7o Curumim\"},\"image\":{\"@id\":\"https:\\\/\\\/acaounivida.org.br\\\/#\\\/schema\\\/logo\\\/image\\\/\"},\"sameAs\":[\"https:\\\/\\\/www.facebook.com\\\/associacaoespacocurumim\",\"https:\\\/\\\/www.instagram.com\\\/associacaoespacocurumim\\\/\"]}]}<\/script>\n<!-- \/ Yoast SEO plugin. -->","yoast_head_json":{"title":"- Institui\u00e7\u00e3o Beneficente A\u00e7\u00e3o Univida","robots":{"index":"index","follow":"follow","max-snippet":"max-snippet:-1","max-image-preview":"max-image-preview:large","max-video-preview":"max-video-preview:-1"},"canonical":"https:\/\/acaounivida.org.br\/index.php\/nosso-dia-a-dia\/","og_locale":"pt_BR","og_type":"article","og_title":"- Institui\u00e7\u00e3o Beneficente A\u00e7\u00e3o Univida","og_description":"Trabalho Social A A\u00e7\u00e3o Univida \u00e9 uma institui\u00e7\u00e3o beneficente que atua no aux\u00edlio e amparo social a crian\u00e7as, adolescentes e idosos, h\u00e1 27 anos. Fundada inicialmente para amparar portadores do v\u00edrus do HIV, a institui\u00e7\u00e3o atende hoje 115 crian\u00e7as e adolescentes, de 3 a 16 anos, que residem em comunidades locais e redondeza, s\u00e3o crian\u00e7as &hellip; Leia mais \"\"","og_url":"https:\/\/acaounivida.org.br\/index.php\/nosso-dia-a-dia\/","og_site_name":"Institui\u00e7\u00e3o Beneficente A\u00e7\u00e3o Univida","article_publisher":"https:\/\/www.facebook.com\/associacaoespacocurumim","article_modified_time":"2025-08-18T14:06:01+00:00","og_image":[{"width":2400,"height":1000,"url":"https:\/\/acaounivida.org.br\/wp-content\/uploads\/2025\/07\/BannercarapintadaTextofundolapis1_LE_upscale_balanced_x2.jpg","type":"image\/jpeg"}],"twitter_card":"summary_large_image","twitter_misc":{"Est. tempo de leitura":"5 minutos"},"schema":{"@context":"https:\/\/schema.org","@graph":[{"@type":"WebPage","@id":"https:\/\/acaounivida.org.br\/index.php\/nosso-dia-a-dia\/","url":"https:\/\/acaounivida.org.br\/index.php\/nosso-dia-a-dia\/","name":"- Institui\u00e7\u00e3o Beneficente A\u00e7\u00e3o Univida","isPartOf":{"@id":"https:\/\/acaounivida.org.br\/#website"},"primaryImageOfPage":{"@id":"https:\/\/acaounivida.org.br\/index.php\/nosso-dia-a-dia\/#primaryimage"},"image":{"@id":"https:\/\/acaounivida.org.br\/index.php\/nosso-dia-a-dia\/#primaryimage"},"thumbnailUrl":"http:\/\/acaounivida.org.br\/wp-content\/uploads\/2025\/07\/1978755-nublado-divertido-fundo-arco-iris-gratis-vetor-1536x983_LE_upscale_balanced_x2-1-e1753768485935.jpg","datePublished":"2025-05-27T02:45:18+00:00","dateModified":"2025-08-18T14:06:01+00:00","inLanguage":"pt-BR","potentialAction":[{"@type":"ReadAction","target":["https:\/\/acaounivida.org.br\/index.php\/nosso-dia-a-dia\/"]}]},{"@type":"ImageObject","inLanguage":"pt-BR","@id":"https:\/\/acaounivida.org.br\/index.php\/nosso-dia-a-dia\/#primaryimage","url":"https:\/\/acaounivida.org.br\/wp-content\/uploads\/2025\/07\/BannercarapintadaTextofundolapis1_LE_upscale_balanced_x2.jpg","contentUrl":"https:\/\/acaounivida.org.br\/wp-content\/uploads\/2025\/07\/BannercarapintadaTextofundolapis1_LE_upscale_balanced_x2.jpg","width":2400,"height":1000},{"@type":"WebSite","@id":"https:\/\/acaounivida.org.br\/#website","url":"https:\/\/acaounivida.org.br\/","name":"Associa\u00e7\u00e3o Espa\u00e7o Curumim","description":"A\u00e7\u00e3o UniVida: Institui\u00e7\u00e3o beneficente que constr\u00f3i um mundo melhor atrav\u00e9s da educa\u00e7\u00e3o em valores e apoio a fam\u00edlias vulner\u00e1veis. Conhe\u00e7a nossos projetos e como ajudar.","publisher":{"@id":"https:\/\/acaounivida.org.br\/#organization"},"potentialAction":[{"@type":"SearchAction","target":{"@type":"EntryPoint","urlTemplate":"https:\/\/acaounivida.org.br\/?s={search_term_string}"},"query-input":{"@type":"PropertyValueSpecification","valueRequired":true,"valueName":"search_term_string"}}],"inLanguage":"pt-BR"},{"@type":"Organization","@id":"https:\/\/acaounivida.org.br\/#organization","name":"Associa\u00e7\u00e3o Espa\u00e7o Curumim","url":"https:\/\/acaounivida.org.br\/","logo":{"@type":"ImageObject","inLanguage":"pt-BR","@id":"https:\/\/acaounivida.org.br\/#\/schema\/logo\/image\/","url":"https:\/\/acaounivida.org.br\/wp-content\/uploads\/2025\/07\/logo-com-sobra-2025.png","contentUrl":"https:\/\/acaounivida.org.br\/wp-content\/uploads\/2025\/07\/logo-com-sobra-2025.png","width":400,"height":347,"caption":"Associa\u00e7\u00e3o Espa\u00e7o Curumim"},"image":{"@id":"https:\/\/acaounivida.org.br\/#\/schema\/logo\/image\/"},"sameAs":["https:\/\/www.facebook.com\/associacaoespacocurumim","https:\/\/www.instagram.com\/associacaoespacocurumim\/"]}]}},"featured_media_urls":[],"_links":{"self":[{"href":"https:\/\/acaounivida.org.br\/index.php\/wp-json\/wp\/v2\/pages\/759","targetHints":{"allow":["GET"]}}],"collection":[{"href":"https:\/\/acaounivida.org.br\/index.php\/wp-json\/wp\/v2\/pages"}],"about":[{"href":"https:\/\/acaounivida.org.br\/index.php\/wp-json\/wp\/v2\/types\/page"}],"author":[{"embeddable":true,"href":"https:\/\/acaounivida.org.br\/index.php\/wp-json\/wp\/v2\/users\/1"}],"replies":[{"embeddable":true,"href":"https:\/\/acaounivida.org.br\/index.php\/wp-json\/wp\/v2\/comments?post=759"}],"version-history":[{"count":61,"href":"https:\/\/acaounivida.org.br\/index.php\/wp-json\/wp\/v2\/pages\/759\/revisions"}],"predecessor-version":[{"id":2651,"href":"https:\/\/acaounivida.org.br\/index.php\/wp-json\/wp\/v2\/pages\/759\/revisions\/2651"}],"wp:attachment":[{"href":"https:\/\/acaounivida.org.br\/index.php\/wp-json\/wp\/v2\/media?parent=759"}],"curies":[{"name":"wp","href":"https:\/\/api.w.org\/{rel}","templated":true}]}}