{"id":434,"date":"2025-05-20T21:29:21","date_gmt":"2025-05-21T00:29:21","guid":{"rendered":"http:\/\/acaounivida.org.br\/?page_id=434"},"modified":"2025-07-23T18:39:48","modified_gmt":"2025-07-23T21:39:48","slug":"politica-de-privacidade","status":"publish","type":"page","link":"https:\/\/acaounivida.org.br\/index.php\/politica-de-privacidade\/","title":{"rendered":""},"content":{"rendered":"\n<!DOCTYPE html>\n<html lang=\"pt-BR\">\n<head>\n  <meta charset=\"UTF-8\" \/>\n  <meta name=\"viewport\" content=\"width=device-width, initial-scale=1.0\"\/>\n  <title>Pol\u00edtica de Privacidade &#8211; AEC<\/title>\n  <link rel=\"stylesheet\" href=\"privacidade.css\" \/>\n<\/head>\n<body class=\"aviso-privacidade\">\n  <main class=\"aviso-privacidade\">\n    <header>\n      <h1>Pol\u00edtica de Privacidade<\/h1>\n    <\/header>\n\n    <section>\n      <p>\n        N\u00f3s somos a Institui\u00e7\u00e3o Beneficente A\u00e7\u00e3o Univida e entendemos a import\u00e2ncia e a relev\u00e2ncia dos seus dados pessoais fornecidos na utiliza\u00e7\u00e3o deste site, sistemas, servi\u00e7os e Whatsapp. Sendo assim, esse Aviso de Privacidade tem a finalidade de esclarecer, de forma simples, transparente e objetiva, como se d\u00e1 o tratamento das informa\u00e7\u00f5es pessoais por n\u00f3s.\n      <\/p>\n    <\/section>\n\n    <section>\n      <h2>Defini\u00e7\u00f5es<\/h2>\n      <ul>\n        <li><strong>Agente de Tratamento:<\/strong> Institui\u00e7\u00e3o Beneficente A\u00e7\u00e3o Univida, com sede na Av. Jo\u00e3o Batista Santiago, 373 \u2013 Parque Santa Rita &#8211; S\u00e3o Miguel Paulista &#8211; S\u00e3o Paulo\/SP \u2013 CEP: 08150-030<\/li>\n        <li><strong>Dados Pessoais:<\/strong> Informa\u00e7\u00e3o que permite identificar um titular (voc\u00ea), tais como nome, sobrenome, CPF, RG, e-mail pessoal, telefone, data de nascimento etc.<\/li>\n        <li><strong>Tratamento:<\/strong> Qualquer a\u00e7\u00e3o que for realizada com dados pessoais, desde a coleta, acesso, utiliza\u00e7\u00e3o, armazenamento e at\u00e9 a elimina\u00e7\u00e3o.<\/li>\n        <li><strong>LGPD:<\/strong> Sigla para Lei Geral de Prote\u00e7\u00e3o de Dados que diz o que pode e o que n\u00e3o pode fazer com os seus dados pessoais e que n\u00f3s respeitamos.<\/li>\n      <\/ul>\n    <\/section>\n\n    <section>\n      <h2>Coletando e usando dados pessoais<\/h2>\n      <p>\n        N\u00f3s da Institui\u00e7\u00e3o Beneficente A\u00e7\u00e3o Univida respeitamos a LGPD e podemos ter acesso aos seus dados pessoais quando s\u00e3o fornecidos diretamente por voc\u00ea pelo nosso site, atrav\u00e9s do Whatsapp ou SMS e quando s\u00e3o fornecidos por nossos clientes.\n      <\/p>\n      <p>\n        Com esses dados, n\u00f3s podemos utiliz\u00e1-los para entrar em contato com voc\u00ea, realizar pesquisas e enviar comunica\u00e7\u00f5es de seu interesse e promo\u00e7\u00f5es. Adicionalmente, os seus dados pessoais podem ser compartilhados quando necess\u00e1rio \u00e0 presta\u00e7\u00e3o de servi\u00e7o e para atender obriga\u00e7\u00f5es contratuais e legais. E temos o cuidado de s\u00f3 compartilhar com quem realmente precisa ter acesso a eles.\n      <\/p>\n    <\/section>\n\n    <section>\n      <h2>Como protegemos os seus dados<\/h2>\n      <p>\n        N\u00f3s adotamos medidas de seguran\u00e7a adequadas para proteger os seus dados pessoais e eles s\u00e3o armazenados apenas enquanto forem necess\u00e1rios para cumprir a finalidade para a qual foram coletados ou para cumprir qualquer exig\u00eancia legal ou regulat\u00f3ria.\n      <\/p>\n      <p>\n        Alguns exemplos de como realizamos essa seguran\u00e7a \u00e9 ter um controle de acesso restrito aos dados pessoais, gerenciar as senhas de acesso com cuidado, ter servidores e desktops atualizados, utilizar firewall, antiv\u00edrus e outras ferramentas de seguran\u00e7a, entre outros processos.\n      <\/p>\n    <\/section>\n\n    <section>\n      <h2>Direitos dos titulares<\/h2>\n      <p>Como titular de dados pessoais, esses s\u00e3o os seus direitos:<\/p>\n      <ul>\n        <li>Confirma\u00e7\u00e3o da exist\u00eancia de tratamento;<\/li>\n        <li>Acesso aos dados;<\/li>\n        <li>Corre\u00e7\u00e3o de dados incompletos, inexatos ou desatualizados;<\/li>\n        <li>Anonimiza\u00e7\u00e3o, bloqueio ou elimina\u00e7\u00e3o de dados desnecess\u00e1rios, excessivos ou tratados em desconformidade;<\/li>\n        <li>Obten\u00e7\u00e3o de informa\u00e7\u00f5es sobre compartilhamento dos seus dados;<\/li>\n        <li>Informa\u00e7\u00e3o sobre a possibilidade de n\u00e3o fornecer o seu consentimento, bem como de ser informado sobre as consequ\u00eancias, em caso de negativa;<\/li>\n        <li>Revoga\u00e7\u00e3o do consentimento, quando aplic\u00e1vel.<\/li>\n      <\/ul>\n    <\/section>\n\n    <section>\n      <h2>Cookies<\/h2>\n      <p>\n        Os cookies s\u00e3o pequenos arquivos enviados pelo site ao navegador que s\u00e3o gravados no seu computador. Em um acesso, o navegador envia os dados ao site para que seja configurado de forma autom\u00e1tica e melhorar sua experi\u00eancia de navega\u00e7\u00e3o.\n      <\/p>\n      <p>\n        Voc\u00ea pode instruir seu navegador a recusar todos os cookies ou indicar quando um Cookie est\u00e1 sendo enviado. No entanto, se voc\u00ea n\u00e3o aceitar os cookies, voc\u00ea pode n\u00e3o ser capaz de usar algumas partes do nosso site.\n      <\/p>\n      <p>\n        Os cookies podem ser &#8220;Persistentes&#8221; ou &#8220;de Sess\u00e3o&#8221;. Cookies persistentes permanecem em seu computador pessoal ou dispositivo m\u00f3vel quando voc\u00ea fica off-line, enquanto os cookies de Sess\u00e3o s\u00e3o exclu\u00eddos assim que voc\u00ea fecha seu navegador da Web. Voc\u00ea pode configurar quais cookies iremos utilizar ao acessar \u201cconfigurar cookies\u201d.\n      <\/p>\n\n      <h3>Cookies utilizados:<\/h3>\n      <table>\n        <thead>\n          <tr>\n            <th>COOKIES<\/th>\n            <th>TIPO<\/th>\n            <th>PROP\u00d3SITO<\/th>\n          <\/tr>\n        <\/thead>\n        <tbody>\n          <tr>\n            <td>Cookies necess\u00e1rios\/<br>essenciais<\/td>\n            <td>Cookies de sess\u00e3o<\/td>\n            <td>Essenciais para fornecer servi\u00e7os no site e autentica\u00e7\u00e3o de usu\u00e1rios.<\/td>\n          <\/tr>\n          <tr>\n            <td>Aviso de cookies<\/td>\n            <td>Cookies persistentes<\/td>\n            <td>Identificam se os usu\u00e1rios aceitaram o uso de cookies.<\/td>\n          <\/tr>\n          <tr>\n            <td>Cookies de funcionalidade<\/td>\n            <td>Cookies persistentes<\/td>\n            <td>Lembram prefer\u00eancias do usu\u00e1rio, como idioma e login.<\/td>\n          <\/tr>\n        <\/tbody>\n      <\/table>\n\n      <p>\n        \u00c9 poss\u00edvel optar por remover ou desabilitar cookies nas configura\u00e7\u00f5es do navegador. Para gerenciar os cookies:\n      <\/p>\n      <ul>\n        <li><a href=\"https:\/\/support.google.com\/chrome\/answer\/95647?hl=pt-BR\" target=\"_blank\">Chrome<\/a><\/li>\n        <li><a href=\"https:\/\/support.microsoft.com\/pt-br\/help\/17442\/windowsinternet-explorer-delete-manage-cookies\" target=\"_blank\">Internet Explorer<\/a><\/li>\n        <li><a href=\"https:\/\/support.mozilla.org\/pt-BR\/kb\/gerencie-configuracoes-de-armazenamento-local-de-s\" target=\"_blank\">Firefox<\/a><\/li>\n        <li><a href=\"https:\/\/support.apple.com\/pt-br\/guide\/safari\/sfri11471\/mac\" target=\"_blank\">Safari<\/a><\/li>\n        <li><a href=\"https:\/\/support.microsoft.com\/pt-br\/help\/4027947\/microsoft-edge-delete-cookies\" target=\"_blank\">Microsoft Edge<\/a><\/li>\n        <li><a href=\"https:\/\/help.opera.com\/en\/latest\/web-preferences\/#cookies\" target=\"_blank\">Opera<\/a><\/li>\n      <\/ul>\n    <\/section>\n\n    <section>\n      <h2>Atualiza\u00e7\u00f5es deste Aviso de Privacidade<\/h2>\n      <p>\n        Este Aviso de Privacidade poder\u00e1 ser atualizado periodicamente para refletir as altera\u00e7\u00f5es introduzidas nas pr\u00e1ticas de privacidade pela Institui\u00e7\u00e3o Beneficente A\u00e7\u00e3o Univida.\n      <\/p>\n    <\/section>\n\n    <section>\n      <h2>Entre em contato conosco<\/h2>\n      <p>\n        Se voc\u00ea tiver alguma d\u00favida sobre este Aviso de Privacidade ou sobre os seus dados pessoais tratados pela Institui\u00e7\u00e3o Beneficente A\u00e7\u00e3o Univida, voc\u00ea pode entrar em contato conosco atrav\u00e9s:\n      <\/p>\n      <p>\n        <strong>Telefone:<\/strong><br \/> (11) 2511-5768 \u2013 Fixo<br \/><br \/>\n        <strong>Email:<\/strong> <a href=\"mailto:acaounivida@acaounivida.org.br\"><br \/>acaounivida@acaounivida.org.br<\/a>\n      <\/p>\n    <\/section>\n  <\/main>\n<\/body>\n<\/html>\n\n\n\n<div class=\"wp-block-button is-style-fill\" style=\"text-align: center\">\n  <a class=\"wp-block-button__link has-text-align-center wp-element-button\" \n    href=\"http:\/\/acaounivida.org.br\/index.php\/como-ajudar\/\" \n    style=\"background-color: #FF0000; color: white; padding: 10px 20px; border-radius: 50px; text-decoration: none;font-size: 20px; font-weight: 600; left: 0%; width: 150px; height: 50px; position: relative\">\n    Doar\n  <\/a>\n<\/div>\n\n\n\n<div style=\"height:22px\" aria-hidden=\"true\" class=\"wp-block-spacer\"><\/div>\n\n\n\n<div class=\"wp-block-columns is-layout-flex wp-container-core-columns-is-layout-28f84493 wp-block-columns-is-layout-flex\">\n<div class=\"wp-block-column is-layout-flow wp-block-column-is-layout-flow\">\n<div class=\"googlemaps\">\n<iframe src=\"https:\/\/www.google.com\/maps\/embed?pb=!1m18!1m12!1m3!1d3658.5233399928456!2d-46.41749862502266!3d-23.513672359841213!2m3!1f0!2f0!3f0!3m2!1i1024!2i768!4f13.1!3m3!1m2!1s0x94ce6476a20b18df%3A0xe68e57be957f8399!2sAv.%20Jo%C3%A3o%20Batista%20Santiago%2C%20373%20-%20Parque%20Santa%20Rita%2C%20S%C3%A3o%20Paulo%20-%20SP%2C%2008150-030!5e0!3m2!1spt-BR!2sbr!4v1752803887391!5m2!1spt-BR!2sbr\" width=\"600\" height=\"450\" style=\"border:0;\" allowfullscreen=\"\" loading=\"lazy\" referrerpolicy=\"no-referrer-when-downgrade\"><\/iframe>\n<\/div>\n<\/div>\n<\/div>\n","protected":false},"excerpt":{"rendered":"<p>Pol\u00edtica de Privacidade &#8211; AEC Pol\u00edtica de Privacidade N\u00f3s somos a Institui\u00e7\u00e3o Beneficente A\u00e7\u00e3o Univida e entendemos a import\u00e2ncia e a relev\u00e2ncia dos seus dados pessoais fornecidos na utiliza\u00e7\u00e3o deste site, sistemas, servi\u00e7os e Whatsapp. Sendo assim, esse Aviso de Privacidade tem a finalidade de esclarecer, de forma simples, transparente e objetiva, como se d\u00e1 &hellip; <\/p>\n<p class=\"link-more\"><a href=\"https:\/\/acaounivida.org.br\/index.php\/politica-de-privacidade\/\" class=\"more-link\">Leia mais<span class=\"screen-reader-text\"> &#8220;&#8221;<\/span><\/a><\/p>\n","protected":false},"author":1,"featured_media":0,"parent":0,"menu_order":0,"comment_status":"closed","ping_status":"closed","template":"","meta":{"inspiro_hide_title":false,"footnotes":""},"class_list":["post-434","page","type-page","status-publish","hentry"],"yoast_head":"<!-- This site is optimized with the Yoast SEO plugin v27.4 - https:\/\/yoast.com\/product\/yoast-seo-wordpress\/ -->\n<title>- Institui\u00e7\u00e3o Beneficente A\u00e7\u00e3o Univida<\/title>\n<meta name=\"robots\" content=\"index, follow, max-snippet:-1, max-image-preview:large, max-video-preview:-1\" \/>\n<link rel=\"canonical\" href=\"https:\/\/acaounivida.org.br\/index.php\/politica-de-privacidade\/\" \/>\n<meta property=\"og:locale\" content=\"pt_BR\" \/>\n<meta property=\"og:type\" content=\"article\" \/>\n<meta property=\"og:title\" content=\"- Institui\u00e7\u00e3o Beneficente A\u00e7\u00e3o Univida\" \/>\n<meta property=\"og:description\" content=\"Pol\u00edtica de Privacidade &#8211; AEC Pol\u00edtica de Privacidade N\u00f3s somos a Institui\u00e7\u00e3o Beneficente A\u00e7\u00e3o Univida e entendemos a import\u00e2ncia e a relev\u00e2ncia dos seus dados pessoais fornecidos na utiliza\u00e7\u00e3o deste site, sistemas, servi\u00e7os e Whatsapp. Sendo assim, esse Aviso de Privacidade tem a finalidade de esclarecer, de forma simples, transparente e objetiva, como se d\u00e1 &hellip; Leia mais &quot;&quot;\" \/>\n<meta property=\"og:url\" content=\"https:\/\/acaounivida.org.br\/index.php\/politica-de-privacidade\/\" \/>\n<meta property=\"og:site_name\" content=\"Institui\u00e7\u00e3o Beneficente A\u00e7\u00e3o Univida\" \/>\n<meta property=\"article:publisher\" content=\"https:\/\/www.facebook.com\/associacaoespacocurumim\" \/>\n<meta property=\"article:modified_time\" content=\"2025-07-23T21:39:48+00:00\" \/>\n<meta name=\"twitter:card\" content=\"summary_large_image\" \/>\n<meta name=\"twitter:label1\" content=\"Est. tempo de leitura\" \/>\n\t<meta name=\"twitter:data1\" content=\"4 minutos\" \/>\n<script type=\"application\/ld+json\" class=\"yoast-schema-graph\">{\"@context\":\"https:\\\/\\\/schema.org\",\"@graph\":[{\"@type\":\"WebPage\",\"@id\":\"https:\\\/\\\/acaounivida.org.br\\\/index.php\\\/politica-de-privacidade\\\/\",\"url\":\"https:\\\/\\\/acaounivida.org.br\\\/index.php\\\/politica-de-privacidade\\\/\",\"name\":\"- Institui\u00e7\u00e3o Beneficente A\u00e7\u00e3o Univida\",\"isPartOf\":{\"@id\":\"https:\\\/\\\/acaounivida.org.br\\\/#website\"},\"datePublished\":\"2025-05-21T00:29:21+00:00\",\"dateModified\":\"2025-07-23T21:39:48+00:00\",\"inLanguage\":\"pt-BR\",\"potentialAction\":[{\"@type\":\"ReadAction\",\"target\":[\"https:\\\/\\\/acaounivida.org.br\\\/index.php\\\/politica-de-privacidade\\\/\"]}]},{\"@type\":\"WebSite\",\"@id\":\"https:\\\/\\\/acaounivida.org.br\\\/#website\",\"url\":\"https:\\\/\\\/acaounivida.org.br\\\/\",\"name\":\"Associa\u00e7\u00e3o Espa\u00e7o Curumim\",\"description\":\"A\u00e7\u00e3o UniVida: Institui\u00e7\u00e3o beneficente que constr\u00f3i um mundo melhor atrav\u00e9s da educa\u00e7\u00e3o em valores e apoio a fam\u00edlias vulner\u00e1veis. Conhe\u00e7a nossos projetos e como ajudar.\",\"publisher\":{\"@id\":\"https:\\\/\\\/acaounivida.org.br\\\/#organization\"},\"potentialAction\":[{\"@type\":\"SearchAction\",\"target\":{\"@type\":\"EntryPoint\",\"urlTemplate\":\"https:\\\/\\\/acaounivida.org.br\\\/?s={search_term_string}\"},\"query-input\":{\"@type\":\"PropertyValueSpecification\",\"valueRequired\":true,\"valueName\":\"search_term_string\"}}],\"inLanguage\":\"pt-BR\"},{\"@type\":\"Organization\",\"@id\":\"https:\\\/\\\/acaounivida.org.br\\\/#organization\",\"name\":\"Associa\u00e7\u00e3o Espa\u00e7o Curumim\",\"url\":\"https:\\\/\\\/acaounivida.org.br\\\/\",\"logo\":{\"@type\":\"ImageObject\",\"inLanguage\":\"pt-BR\",\"@id\":\"https:\\\/\\\/acaounivida.org.br\\\/#\\\/schema\\\/logo\\\/image\\\/\",\"url\":\"https:\\\/\\\/acaounivida.org.br\\\/wp-content\\\/uploads\\\/2025\\\/07\\\/logo-com-sobra-2025.png\",\"contentUrl\":\"https:\\\/\\\/acaounivida.org.br\\\/wp-content\\\/uploads\\\/2025\\\/07\\\/logo-com-sobra-2025.png\",\"width\":400,\"height\":347,\"caption\":\"Associa\u00e7\u00e3o Espa\u00e7o Curumim\"},\"image\":{\"@id\":\"https:\\\/\\\/acaounivida.org.br\\\/#\\\/schema\\\/logo\\\/image\\\/\"},\"sameAs\":[\"https:\\\/\\\/www.facebook.com\\\/associacaoespacocurumim\",\"https:\\\/\\\/www.instagram.com\\\/associacaoespacocurumim\\\/\"]}]}<\/script>\n<!-- \/ Yoast SEO plugin. -->","yoast_head_json":{"title":"- Institui\u00e7\u00e3o Beneficente A\u00e7\u00e3o Univida","robots":{"index":"index","follow":"follow","max-snippet":"max-snippet:-1","max-image-preview":"max-image-preview:large","max-video-preview":"max-video-preview:-1"},"canonical":"https:\/\/acaounivida.org.br\/index.php\/politica-de-privacidade\/","og_locale":"pt_BR","og_type":"article","og_title":"- Institui\u00e7\u00e3o Beneficente A\u00e7\u00e3o Univida","og_description":"Pol\u00edtica de Privacidade &#8211; AEC Pol\u00edtica de Privacidade N\u00f3s somos a Institui\u00e7\u00e3o Beneficente A\u00e7\u00e3o Univida e entendemos a import\u00e2ncia e a relev\u00e2ncia dos seus dados pessoais fornecidos na utiliza\u00e7\u00e3o deste site, sistemas, servi\u00e7os e Whatsapp. Sendo assim, esse Aviso de Privacidade tem a finalidade de esclarecer, de forma simples, transparente e objetiva, como se d\u00e1 &hellip; Leia mais \"\"","og_url":"https:\/\/acaounivida.org.br\/index.php\/politica-de-privacidade\/","og_site_name":"Institui\u00e7\u00e3o Beneficente A\u00e7\u00e3o Univida","article_publisher":"https:\/\/www.facebook.com\/associacaoespacocurumim","article_modified_time":"2025-07-23T21:39:48+00:00","twitter_card":"summary_large_image","twitter_misc":{"Est. tempo de leitura":"4 minutos"},"schema":{"@context":"https:\/\/schema.org","@graph":[{"@type":"WebPage","@id":"https:\/\/acaounivida.org.br\/index.php\/politica-de-privacidade\/","url":"https:\/\/acaounivida.org.br\/index.php\/politica-de-privacidade\/","name":"- Institui\u00e7\u00e3o Beneficente A\u00e7\u00e3o Univida","isPartOf":{"@id":"https:\/\/acaounivida.org.br\/#website"},"datePublished":"2025-05-21T00:29:21+00:00","dateModified":"2025-07-23T21:39:48+00:00","inLanguage":"pt-BR","potentialAction":[{"@type":"ReadAction","target":["https:\/\/acaounivida.org.br\/index.php\/politica-de-privacidade\/"]}]},{"@type":"WebSite","@id":"https:\/\/acaounivida.org.br\/#website","url":"https:\/\/acaounivida.org.br\/","name":"Associa\u00e7\u00e3o Espa\u00e7o Curumim","description":"A\u00e7\u00e3o UniVida: Institui\u00e7\u00e3o beneficente que constr\u00f3i um mundo melhor atrav\u00e9s da educa\u00e7\u00e3o em valores e apoio a fam\u00edlias vulner\u00e1veis. Conhe\u00e7a nossos projetos e como ajudar.","publisher":{"@id":"https:\/\/acaounivida.org.br\/#organization"},"potentialAction":[{"@type":"SearchAction","target":{"@type":"EntryPoint","urlTemplate":"https:\/\/acaounivida.org.br\/?s={search_term_string}"},"query-input":{"@type":"PropertyValueSpecification","valueRequired":true,"valueName":"search_term_string"}}],"inLanguage":"pt-BR"},{"@type":"Organization","@id":"https:\/\/acaounivida.org.br\/#organization","name":"Associa\u00e7\u00e3o Espa\u00e7o Curumim","url":"https:\/\/acaounivida.org.br\/","logo":{"@type":"ImageObject","inLanguage":"pt-BR","@id":"https:\/\/acaounivida.org.br\/#\/schema\/logo\/image\/","url":"https:\/\/acaounivida.org.br\/wp-content\/uploads\/2025\/07\/logo-com-sobra-2025.png","contentUrl":"https:\/\/acaounivida.org.br\/wp-content\/uploads\/2025\/07\/logo-com-sobra-2025.png","width":400,"height":347,"caption":"Associa\u00e7\u00e3o Espa\u00e7o Curumim"},"image":{"@id":"https:\/\/acaounivida.org.br\/#\/schema\/logo\/image\/"},"sameAs":["https:\/\/www.facebook.com\/associacaoespacocurumim","https:\/\/www.instagram.com\/associacaoespacocurumim\/"]}]}},"featured_media_urls":[],"_links":{"self":[{"href":"https:\/\/acaounivida.org.br\/index.php\/wp-json\/wp\/v2\/pages\/434","targetHints":{"allow":["GET"]}}],"collection":[{"href":"https:\/\/acaounivida.org.br\/index.php\/wp-json\/wp\/v2\/pages"}],"about":[{"href":"https:\/\/acaounivida.org.br\/index.php\/wp-json\/wp\/v2\/types\/page"}],"author":[{"embeddable":true,"href":"https:\/\/acaounivida.org.br\/index.php\/wp-json\/wp\/v2\/users\/1"}],"replies":[{"embeddable":true,"href":"https:\/\/acaounivida.org.br\/index.php\/wp-json\/wp\/v2\/comments?post=434"}],"version-history":[{"count":63,"href":"https:\/\/acaounivida.org.br\/index.php\/wp-json\/wp\/v2\/pages\/434\/revisions"}],"predecessor-version":[{"id":2155,"href":"https:\/\/acaounivida.org.br\/index.php\/wp-json\/wp\/v2\/pages\/434\/revisions\/2155"}],"wp:attachment":[{"href":"https:\/\/acaounivida.org.br\/index.php\/wp-json\/wp\/v2\/media?parent=434"}],"curies":[{"name":"wp","href":"https:\/\/api.w.org\/{rel}","templated":true}]}}