{"id":433,"date":"2025-05-20T21:29:21","date_gmt":"2025-05-21T00:29:21","guid":{"rendered":"http:\/\/acaounivida.org.br\/?page_id=433"},"modified":"2025-07-29T02:38:26","modified_gmt":"2025-07-29T05:38:26","slug":"politica-de-cookies","status":"publish","type":"page","link":"https:\/\/acaounivida.org.br\/index.php\/politica-de-cookies\/","title":{"rendered":""},"content":{"rendered":"\n<section class=\"cookie-policy\">\n  <h1 class=\"cookie-title\">Pol\u00edtica de Cookies<\/h1>\n  <h2 class=\"cookie-subtitle\">O que s\u00e3o cookies?<\/h2>\n  <p class=\"cookie-text\">\n    Um cookie \u00e9 um pequeno arquivo de texto que um site ou aplicativo envia para o dispositivo de um usu\u00e1rio. Este arquivo de texto coleta informa\u00e7\u00f5es sobre as a\u00e7\u00f5es do usu\u00e1rio no seu site. Os cookies armazenam informa\u00e7\u00f5es \u00fateis para melhorar a experi\u00eancia do usu\u00e1rio no seu site e possivelmente melhorar sua capacidade de reconectar-se com eles mais tarde.\n  <\/p>\n  <p class=\"cookie-text\">\n    As informa\u00e7\u00f5es coletadas pelos cookies podem incluir o idioma preferido do usu\u00e1rio, configura\u00e7\u00f5es do dispositivo, atividades de navega\u00e7\u00e3o e outras informa\u00e7\u00f5es \u00fateis. Sites como o Google utilizam cookies para tornar os an\u00fancios mais relevantes para seus usu\u00e1rios. Eles tamb\u00e9m rastreiam an\u00e1lises como o n\u00famero de visitantes em uma p\u00e1gina, as localiza\u00e7\u00f5es dos visitantes, prefer\u00eancias de busca, etc.\n  <\/p>\n  <p class=\"cookie-text\">\n    Os cookies n\u00e3o s\u00e3o prejudiciais para o seu dispositivo. Eles n\u00e3o s\u00e3o v\u00edrus ou malware. S\u00e3o apenas arquivos de texto que podem ser exclu\u00eddos a qualquer momento.\n  <\/p>\n\n  <h2 class=\"cookie-subtitle\">Uso de cookies<\/h2>\n  <p class=\"cookie-text\">Os cookies geralmente s\u00e3o usados para executar uma ou todas as seguintes fun\u00e7\u00f5es:<\/p>\n  <ul class=\"cookie-list\">\n    <li><strong>Autentica\u00e7\u00e3o:<\/strong> Os cookies ajudam os sites a determinar se um usu\u00e1rio est\u00e1 logado e, em seguida, fornecem a experi\u00eancia e as funcionalidades corretas para esse usu\u00e1rio \u00fanico.<\/li>\n    <li><strong>Seguran\u00e7a:<\/strong> Os cookies ajudam a aplicar medidas de seguran\u00e7a em um site. Eles tamb\u00e9m ajudam a detectar atividades incomuns e suspeitas.<\/li>\n    <li><strong>Publicidade:<\/strong> Os cookies fornecem uma melhor experi\u00eancia publicit\u00e1ria tanto para os usu\u00e1rios quanto para os anunciantes. Os cookies ajudam a conectar os anunciantes com os usu\u00e1rios que est\u00e3o mais interessados em seus produtos com base no hist\u00f3rico de navega\u00e7\u00e3o do usu\u00e1rio.<\/li>\n    <li><strong>Desempenho:<\/strong> Os cookies ajudam seu site a aprender como os servi\u00e7os funcionam para diferentes pessoas e como direcionar o tr\u00e1fego entre os servidores.<\/li>\n    <li><strong>An\u00e1lise e Pesquisa:<\/strong> Sites e aplicativos utilizam cookies para saber quais de seus servi\u00e7os s\u00e3o mais utilizados. Isso ajuda a determinar o que deve ser melhorado, removido e mantido igual.<\/li>\n    <li><strong>Prefer\u00eancias:<\/strong> Os cookies ajudam os sites a lembrar as prefer\u00eancias dos usu\u00e1rios, como idioma, localiza\u00e7\u00e3o e outras configura\u00e7\u00f5es.<\/li>\n  <\/ul>\n  <p class=\"cookie-text\">\n    Alguns cookies podem coletar dados de v\u00e1rios sites para criar perfis de comportamento dos usu\u00e1rios. Esses perfis s\u00e3o ent\u00e3o usados para enviar conte\u00fado e publicidade direcionados aos usu\u00e1rios.\n  <\/p>\n<\/section>\n\n\n\n<div class=\"wp-block-button is-style-fill\" style=\"text-align: center\">\n  <a class=\"wp-block-button__link has-text-align-center wp-element-button\" \n    href=\"http:\/\/acaounivida.org.br\/index.php\/como-ajudar\/\" \n    style=\"background-color: #FF0000; color: white; padding: 10px 20px; border-radius: 50px; text-decoration: none;font-size: 20px; font-weight: 600; left: 0%; width: 150px; height: 50px; position: relative\">\n    Doar\n  <\/a>\n<\/div>\n\n\n\n<div style=\"height:16px\" aria-hidden=\"true\" class=\"wp-block-spacer\"><\/div>\n\n\n\n<div class=\"wp-block-columns is-layout-flex wp-container-core-columns-is-layout-28f84493 wp-block-columns-is-layout-flex\">\n<div class=\"wp-block-column is-layout-flow wp-block-column-is-layout-flow\">\n<div class=\"googlemaps\">\n<iframe src=\"https:\/\/www.google.com\/maps\/embed?pb=!1m18!1m12!1m3!1d3658.5233399928456!2d-46.41749862502266!3d-23.513672359841213!2m3!1f0!2f0!3f0!3m2!1i1024!2i768!4f13.1!3m3!1m2!1s0x94ce6476a20b18df%3A0xe68e57be957f8399!2sAv.%20Jo%C3%A3o%20Batista%20Santiago%2C%20373%20-%20Parque%20Santa%20Rita%2C%20S%C3%A3o%20Paulo%20-%20SP%2C%2008150-030!5e0!3m2!1spt-BR!2sbr!4v1752803887391!5m2!1spt-BR!2sbr\" width=\"600\" height=\"450\" style=\"border:0;\" allowfullscreen=\"\" loading=\"lazy\" referrerpolicy=\"no-referrer-when-downgrade\"><\/iframe>\n<\/div>\n<\/div>\n<\/div>\n","protected":false},"excerpt":{"rendered":"<p>Pol\u00edtica de Cookies O que s\u00e3o cookies? Um cookie \u00e9 um pequeno arquivo de texto que um site ou aplicativo envia para o dispositivo de um usu\u00e1rio. Este arquivo de texto coleta informa\u00e7\u00f5es sobre as a\u00e7\u00f5es do usu\u00e1rio no seu site. Os cookies armazenam informa\u00e7\u00f5es \u00fateis para melhorar a experi\u00eancia do usu\u00e1rio no seu site &hellip; <\/p>\n<p class=\"link-more\"><a href=\"https:\/\/acaounivida.org.br\/index.php\/politica-de-cookies\/\" class=\"more-link\">Leia mais<span class=\"screen-reader-text\"> &#8220;&#8221;<\/span><\/a><\/p>\n","protected":false},"author":1,"featured_media":0,"parent":0,"menu_order":0,"comment_status":"closed","ping_status":"closed","template":"","meta":{"inspiro_hide_title":false,"footnotes":""},"class_list":["post-433","page","type-page","status-publish","hentry"],"yoast_head":"<!-- This site is optimized with the Yoast SEO plugin v27.4 - https:\/\/yoast.com\/product\/yoast-seo-wordpress\/ -->\n<title>- Institui\u00e7\u00e3o Beneficente A\u00e7\u00e3o Univida<\/title>\n<meta name=\"robots\" content=\"index, follow, max-snippet:-1, max-image-preview:large, max-video-preview:-1\" \/>\n<link rel=\"canonical\" href=\"https:\/\/acaounivida.org.br\/index.php\/politica-de-cookies\/\" \/>\n<meta property=\"og:locale\" content=\"pt_BR\" \/>\n<meta property=\"og:type\" content=\"article\" \/>\n<meta property=\"og:title\" content=\"- Institui\u00e7\u00e3o Beneficente A\u00e7\u00e3o Univida\" \/>\n<meta property=\"og:description\" content=\"Pol\u00edtica de Cookies O que s\u00e3o cookies? Um cookie \u00e9 um pequeno arquivo de texto que um site ou aplicativo envia para o dispositivo de um usu\u00e1rio. Este arquivo de texto coleta informa\u00e7\u00f5es sobre as a\u00e7\u00f5es do usu\u00e1rio no seu site. Os cookies armazenam informa\u00e7\u00f5es \u00fateis para melhorar a experi\u00eancia do usu\u00e1rio no seu site &hellip; Leia mais &quot;&quot;\" \/>\n<meta property=\"og:url\" content=\"https:\/\/acaounivida.org.br\/index.php\/politica-de-cookies\/\" \/>\n<meta property=\"og:site_name\" content=\"Institui\u00e7\u00e3o Beneficente A\u00e7\u00e3o Univida\" \/>\n<meta property=\"article:publisher\" content=\"https:\/\/www.facebook.com\/associacaoespacocurumim\" \/>\n<meta property=\"article:modified_time\" content=\"2025-07-29T05:38:26+00:00\" \/>\n<meta name=\"twitter:card\" content=\"summary_large_image\" \/>\n<meta name=\"twitter:label1\" content=\"Est. tempo de leitura\" \/>\n\t<meta name=\"twitter:data1\" content=\"2 minutos\" \/>\n<script type=\"application\/ld+json\" class=\"yoast-schema-graph\">{\"@context\":\"https:\\\/\\\/schema.org\",\"@graph\":[{\"@type\":\"WebPage\",\"@id\":\"https:\\\/\\\/acaounivida.org.br\\\/index.php\\\/politica-de-cookies\\\/\",\"url\":\"https:\\\/\\\/acaounivida.org.br\\\/index.php\\\/politica-de-cookies\\\/\",\"name\":\"- Institui\u00e7\u00e3o Beneficente A\u00e7\u00e3o Univida\",\"isPartOf\":{\"@id\":\"https:\\\/\\\/acaounivida.org.br\\\/#website\"},\"datePublished\":\"2025-05-21T00:29:21+00:00\",\"dateModified\":\"2025-07-29T05:38:26+00:00\",\"inLanguage\":\"pt-BR\",\"potentialAction\":[{\"@type\":\"ReadAction\",\"target\":[\"https:\\\/\\\/acaounivida.org.br\\\/index.php\\\/politica-de-cookies\\\/\"]}]},{\"@type\":\"WebSite\",\"@id\":\"https:\\\/\\\/acaounivida.org.br\\\/#website\",\"url\":\"https:\\\/\\\/acaounivida.org.br\\\/\",\"name\":\"Associa\u00e7\u00e3o Espa\u00e7o Curumim\",\"description\":\"A\u00e7\u00e3o UniVida: Institui\u00e7\u00e3o beneficente que constr\u00f3i um mundo melhor atrav\u00e9s da educa\u00e7\u00e3o em valores e apoio a fam\u00edlias vulner\u00e1veis. Conhe\u00e7a nossos projetos e como ajudar.\",\"publisher\":{\"@id\":\"https:\\\/\\\/acaounivida.org.br\\\/#organization\"},\"potentialAction\":[{\"@type\":\"SearchAction\",\"target\":{\"@type\":\"EntryPoint\",\"urlTemplate\":\"https:\\\/\\\/acaounivida.org.br\\\/?s={search_term_string}\"},\"query-input\":{\"@type\":\"PropertyValueSpecification\",\"valueRequired\":true,\"valueName\":\"search_term_string\"}}],\"inLanguage\":\"pt-BR\"},{\"@type\":\"Organization\",\"@id\":\"https:\\\/\\\/acaounivida.org.br\\\/#organization\",\"name\":\"Associa\u00e7\u00e3o Espa\u00e7o Curumim\",\"url\":\"https:\\\/\\\/acaounivida.org.br\\\/\",\"logo\":{\"@type\":\"ImageObject\",\"inLanguage\":\"pt-BR\",\"@id\":\"https:\\\/\\\/acaounivida.org.br\\\/#\\\/schema\\\/logo\\\/image\\\/\",\"url\":\"https:\\\/\\\/acaounivida.org.br\\\/wp-content\\\/uploads\\\/2025\\\/07\\\/logo-com-sobra-2025.png\",\"contentUrl\":\"https:\\\/\\\/acaounivida.org.br\\\/wp-content\\\/uploads\\\/2025\\\/07\\\/logo-com-sobra-2025.png\",\"width\":400,\"height\":347,\"caption\":\"Associa\u00e7\u00e3o Espa\u00e7o Curumim\"},\"image\":{\"@id\":\"https:\\\/\\\/acaounivida.org.br\\\/#\\\/schema\\\/logo\\\/image\\\/\"},\"sameAs\":[\"https:\\\/\\\/www.facebook.com\\\/associacaoespacocurumim\",\"https:\\\/\\\/www.instagram.com\\\/associacaoespacocurumim\\\/\"]}]}<\/script>\n<!-- \/ Yoast SEO plugin. -->","yoast_head_json":{"title":"- Institui\u00e7\u00e3o Beneficente A\u00e7\u00e3o Univida","robots":{"index":"index","follow":"follow","max-snippet":"max-snippet:-1","max-image-preview":"max-image-preview:large","max-video-preview":"max-video-preview:-1"},"canonical":"https:\/\/acaounivida.org.br\/index.php\/politica-de-cookies\/","og_locale":"pt_BR","og_type":"article","og_title":"- Institui\u00e7\u00e3o Beneficente A\u00e7\u00e3o Univida","og_description":"Pol\u00edtica de Cookies O que s\u00e3o cookies? Um cookie \u00e9 um pequeno arquivo de texto que um site ou aplicativo envia para o dispositivo de um usu\u00e1rio. Este arquivo de texto coleta informa\u00e7\u00f5es sobre as a\u00e7\u00f5es do usu\u00e1rio no seu site. Os cookies armazenam informa\u00e7\u00f5es \u00fateis para melhorar a experi\u00eancia do usu\u00e1rio no seu site &hellip; Leia mais \"\"","og_url":"https:\/\/acaounivida.org.br\/index.php\/politica-de-cookies\/","og_site_name":"Institui\u00e7\u00e3o Beneficente A\u00e7\u00e3o Univida","article_publisher":"https:\/\/www.facebook.com\/associacaoespacocurumim","article_modified_time":"2025-07-29T05:38:26+00:00","twitter_card":"summary_large_image","twitter_misc":{"Est. tempo de leitura":"2 minutos"},"schema":{"@context":"https:\/\/schema.org","@graph":[{"@type":"WebPage","@id":"https:\/\/acaounivida.org.br\/index.php\/politica-de-cookies\/","url":"https:\/\/acaounivida.org.br\/index.php\/politica-de-cookies\/","name":"- Institui\u00e7\u00e3o Beneficente A\u00e7\u00e3o Univida","isPartOf":{"@id":"https:\/\/acaounivida.org.br\/#website"},"datePublished":"2025-05-21T00:29:21+00:00","dateModified":"2025-07-29T05:38:26+00:00","inLanguage":"pt-BR","potentialAction":[{"@type":"ReadAction","target":["https:\/\/acaounivida.org.br\/index.php\/politica-de-cookies\/"]}]},{"@type":"WebSite","@id":"https:\/\/acaounivida.org.br\/#website","url":"https:\/\/acaounivida.org.br\/","name":"Associa\u00e7\u00e3o Espa\u00e7o Curumim","description":"A\u00e7\u00e3o UniVida: Institui\u00e7\u00e3o beneficente que constr\u00f3i um mundo melhor atrav\u00e9s da educa\u00e7\u00e3o em valores e apoio a fam\u00edlias vulner\u00e1veis. Conhe\u00e7a nossos projetos e como ajudar.","publisher":{"@id":"https:\/\/acaounivida.org.br\/#organization"},"potentialAction":[{"@type":"SearchAction","target":{"@type":"EntryPoint","urlTemplate":"https:\/\/acaounivida.org.br\/?s={search_term_string}"},"query-input":{"@type":"PropertyValueSpecification","valueRequired":true,"valueName":"search_term_string"}}],"inLanguage":"pt-BR"},{"@type":"Organization","@id":"https:\/\/acaounivida.org.br\/#organization","name":"Associa\u00e7\u00e3o Espa\u00e7o Curumim","url":"https:\/\/acaounivida.org.br\/","logo":{"@type":"ImageObject","inLanguage":"pt-BR","@id":"https:\/\/acaounivida.org.br\/#\/schema\/logo\/image\/","url":"https:\/\/acaounivida.org.br\/wp-content\/uploads\/2025\/07\/logo-com-sobra-2025.png","contentUrl":"https:\/\/acaounivida.org.br\/wp-content\/uploads\/2025\/07\/logo-com-sobra-2025.png","width":400,"height":347,"caption":"Associa\u00e7\u00e3o Espa\u00e7o Curumim"},"image":{"@id":"https:\/\/acaounivida.org.br\/#\/schema\/logo\/image\/"},"sameAs":["https:\/\/www.facebook.com\/associacaoespacocurumim","https:\/\/www.instagram.com\/associacaoespacocurumim\/"]}]}},"featured_media_urls":[],"_links":{"self":[{"href":"https:\/\/acaounivida.org.br\/index.php\/wp-json\/wp\/v2\/pages\/433","targetHints":{"allow":["GET"]}}],"collection":[{"href":"https:\/\/acaounivida.org.br\/index.php\/wp-json\/wp\/v2\/pages"}],"about":[{"href":"https:\/\/acaounivida.org.br\/index.php\/wp-json\/wp\/v2\/types\/page"}],"author":[{"embeddable":true,"href":"https:\/\/acaounivida.org.br\/index.php\/wp-json\/wp\/v2\/users\/1"}],"replies":[{"embeddable":true,"href":"https:\/\/acaounivida.org.br\/index.php\/wp-json\/wp\/v2\/comments?post=433"}],"version-history":[{"count":50,"href":"https:\/\/acaounivida.org.br\/index.php\/wp-json\/wp\/v2\/pages\/433\/revisions"}],"predecessor-version":[{"id":2340,"href":"https:\/\/acaounivida.org.br\/index.php\/wp-json\/wp\/v2\/pages\/433\/revisions\/2340"}],"wp:attachment":[{"href":"https:\/\/acaounivida.org.br\/index.php\/wp-json\/wp\/v2\/media?parent=433"}],"curies":[{"name":"wp","href":"https:\/\/api.w.org\/{rel}","templated":true}]}}