{"id":39,"date":"2025-05-17T04:15:18","date_gmt":"2025-05-17T07:15:18","guid":{"rendered":"http:\/\/acaounivida.org.br\/?page_id=39"},"modified":"2025-08-04T15:41:38","modified_gmt":"2025-08-04T18:41:38","slug":"parceiros","status":"publish","type":"page","link":"https:\/\/acaounivida.org.br\/index.php\/parceiros\/","title":{"rendered":""},"content":{"rendered":"\n<div class=\"wp-block-columns is-layout-flex wp-container-core-columns-is-layout-28f84493 wp-block-columns-is-layout-flex\">\n<div class=\"wp-block-column is-vertically-aligned-top is-layout-flow wp-block-column-is-layout-flow\">\n<figure class=\"wp-block-image alignfull size-large\" style=\"margin-top: -78px;\">\n    <img decoding=\"async\" src=\"http:\/\/acaounivida.org.br\/wp-content\/uploads\/2025\/08\/Imagem-do-WhatsApp-de-2025-08-04-as-15.37.53_47608038.jpg\" alt=\"\" class=\"wp-image-2351\"\/>\n<\/figure>\n<\/div>\n<\/div>\n\n\n\n<div style=\"height:23px\" aria-hidden=\"true\" class=\"wp-block-spacer\"><\/div>\n\n\n\n<h1 class=\"wp-block-heading has-text-align-center\"><strong>Parceiros d<\/strong>a A\u00e7\u00e3o Univida<\/h1>\n\n\n\n<h3 class=\"wp-block-heading has-text-align-center\">Reconhecemos e valorizamos o apoio constante dos nossos parceiros, que desempenham <br>um papel fundamental no sucesso de&nbsp;nossas&nbsp;a\u00e7\u00f5es!<\/h3>\n\n\n\n<div style=\"height:23px\" aria-hidden=\"true\" class=\"wp-block-spacer\"><\/div>\n\n\n\n<div class=\"texto-curumim\">\n    <p>Nossos parceiros s\u00e3o parte essencial da nossa miss\u00e3o. Gra\u00e7as a esse apoio, conseguimos manter nossas atividades, transformar vidas e fortalecer nossa comunidade. Cada contribui\u00e7\u00e3o, cada gesto e cada colabora\u00e7\u00e3o fazem uma enorme diferen\u00e7a no dia a dia da A\u00e7\u00e3o Univida, permitindo que continuemos espalhando cuidado, acolhimento e esperan\u00e7a para quem mais precisa.&nbsp;\n    <\/p>\n<\/div>\n\n\n\n<div style=\"height:22px\" aria-hidden=\"true\" class=\"wp-block-spacer\"><\/div>\n\n\n\n<div class=\"wp-block-columns is-layout-flex wp-container-core-columns-is-layout-28f84493 wp-block-columns-is-layout-flex\">\n<div class=\"wp-block-column is-layout-flow wp-block-column-is-layout-flow\">\n<figure class=\"wp-block-image size-full\"><img fetchpriority=\"high\" decoding=\"async\" width=\"512\" height=\"123\" src=\"https:\/\/acaounivida.org.br\/wp-content\/uploads\/2025\/08\/Colegio-marupiara-1.png\" alt=\"\" class=\"wp-image-2482\" srcset=\"https:\/\/acaounivida.org.br\/wp-content\/uploads\/2025\/08\/Colegio-marupiara-1.png 512w, https:\/\/acaounivida.org.br\/wp-content\/uploads\/2025\/08\/Colegio-marupiara-1-300x72.png 300w\" sizes=\"(max-width: 512px) 100vw, 512px\" \/><\/figure>\n<\/div>\n\n\n\n<div class=\"wp-block-column is-layout-flow wp-block-column-is-layout-flow\">\n<figure class=\"wp-block-image size-full\"><img decoding=\"async\" width=\"800\" height=\"283\" src=\"https:\/\/acaounivida.org.br\/wp-content\/uploads\/2025\/08\/Logo-fundafresp-1.png\" alt=\"\" class=\"wp-image-2483\" srcset=\"https:\/\/acaounivida.org.br\/wp-content\/uploads\/2025\/08\/Logo-fundafresp-1.png 800w, https:\/\/acaounivida.org.br\/wp-content\/uploads\/2025\/08\/Logo-fundafresp-1-300x106.png 300w\" sizes=\"(max-width: 800px) 100vw, 800px\" \/><\/figure>\n<\/div>\n\n\n\n<div class=\"wp-block-column is-layout-flow wp-block-column-is-layout-flow\">\n<figure class=\"wp-block-image size-full\"><img decoding=\"async\" width=\"800\" height=\"291\" src=\"https:\/\/acaounivida.org.br\/wp-content\/uploads\/2025\/08\/banco-de-alimento-1.png\" alt=\"\" class=\"wp-image-2484\" srcset=\"https:\/\/acaounivida.org.br\/wp-content\/uploads\/2025\/08\/banco-de-alimento-1.png 800w, https:\/\/acaounivida.org.br\/wp-content\/uploads\/2025\/08\/banco-de-alimento-1-300x109.png 300w\" sizes=\"(max-width: 800px) 100vw, 800px\" \/><\/figure>\n<\/div>\n<\/div>\n\n\n\n<div class=\"wp-block-columns is-layout-flex wp-container-core-columns-is-layout-28f84493 wp-block-columns-is-layout-flex\">\n<div class=\"wp-block-column is-layout-flow wp-block-column-is-layout-flow\">\n<figure class=\"wp-block-image size-full\"><img loading=\"lazy\" decoding=\"async\" width=\"800\" height=\"363\" src=\"https:\/\/acaounivida.org.br\/wp-content\/uploads\/2025\/08\/CargillLogo-1.png\" alt=\"\" class=\"wp-image-2485\" srcset=\"https:\/\/acaounivida.org.br\/wp-content\/uploads\/2025\/08\/CargillLogo-1.png 800w, https:\/\/acaounivida.org.br\/wp-content\/uploads\/2025\/08\/CargillLogo-1-300x136.png 300w\" sizes=\"(max-width: 800px) 100vw, 800px\" \/><\/figure>\n<\/div>\n\n\n\n<div class=\"wp-block-column is-layout-flow wp-block-column-is-layout-flow\">\n<figure class=\"wp-block-image size-full\"><img loading=\"lazy\" decoding=\"async\" width=\"800\" height=\"375\" src=\"https:\/\/acaounivida.org.br\/wp-content\/uploads\/2025\/08\/IHF-Instituto-Helena-Florisbal-1.png\" alt=\"\" class=\"wp-image-2486\" srcset=\"https:\/\/acaounivida.org.br\/wp-content\/uploads\/2025\/08\/IHF-Instituto-Helena-Florisbal-1.png 800w, https:\/\/acaounivida.org.br\/wp-content\/uploads\/2025\/08\/IHF-Instituto-Helena-Florisbal-1-300x141.png 300w\" sizes=\"(max-width: 800px) 100vw, 800px\" \/><\/figure>\n<\/div>\n\n\n\n<div class=\"wp-block-column is-layout-flow wp-block-column-is-layout-flow\">\n<figure class=\"wp-block-image size-full\"><img loading=\"lazy\" decoding=\"async\" width=\"800\" height=\"533\" src=\"https:\/\/acaounivida.org.br\/wp-content\/uploads\/2025\/08\/Viva-Leite-1.png\" alt=\"\" class=\"wp-image-2487\" srcset=\"https:\/\/acaounivida.org.br\/wp-content\/uploads\/2025\/08\/Viva-Leite-1.png 800w, https:\/\/acaounivida.org.br\/wp-content\/uploads\/2025\/08\/Viva-Leite-1-300x200.png 300w, https:\/\/acaounivida.org.br\/wp-content\/uploads\/2025\/08\/Viva-Leite-1-600x400.png 600w\" sizes=\"(max-width: 800px) 100vw, 800px\" \/><\/figure>\n<\/div>\n<\/div>\n\n\n\n<div class=\"wp-block-columns is-layout-flex wp-container-core-columns-is-layout-28f84493 wp-block-columns-is-layout-flex\">\n<div class=\"wp-block-column is-layout-flow wp-block-column-is-layout-flow\">\n<figure class=\"wp-block-image size-full\"><img loading=\"lazy\" decoding=\"async\" width=\"800\" height=\"642\" src=\"https:\/\/acaounivida.org.br\/wp-content\/uploads\/2025\/08\/Mesa-Brasil-1.png\" alt=\"\" class=\"wp-image-2488\" srcset=\"https:\/\/acaounivida.org.br\/wp-content\/uploads\/2025\/08\/Mesa-Brasil-1.png 800w, https:\/\/acaounivida.org.br\/wp-content\/uploads\/2025\/08\/Mesa-Brasil-1-300x241.png 300w\" sizes=\"(max-width: 800px) 100vw, 800px\" \/><\/figure>\n<\/div>\n\n\n\n<div class=\"wp-block-column is-layout-flow wp-block-column-is-layout-flow\">\n<figure class=\"wp-block-image size-full\"><img loading=\"lazy\" decoding=\"async\" width=\"800\" height=\"682\" src=\"https:\/\/acaounivida.org.br\/wp-content\/uploads\/2025\/08\/Prefeitura-de-Sao-Paulo-1.png\" alt=\"\" class=\"wp-image-2489\" srcset=\"https:\/\/acaounivida.org.br\/wp-content\/uploads\/2025\/08\/Prefeitura-de-Sao-Paulo-1.png 800w, https:\/\/acaounivida.org.br\/wp-content\/uploads\/2025\/08\/Prefeitura-de-Sao-Paulo-1-300x256.png 300w\" sizes=\"(max-width: 800px) 100vw, 800px\" \/><\/figure>\n<\/div>\n\n\n\n<div class=\"wp-block-column is-layout-flow wp-block-column-is-layout-flow\"><\/div>\n<\/div>\n\n\n\n<div style=\"height:22px\" aria-hidden=\"true\" class=\"wp-block-spacer\"><\/div>\n\n\n\n<div class=\"wp-block-button is-style-fill\" style=\"text-align: center\">\n  <a class=\"wp-block-button__link has-text-align-center wp-element-button\" \n    href=\"http:\/\/acaounivida.org.br\/index.php\/como-ajudar\/\" \n    style=\"background-color: #FF0000; color: white; padding: 10px 20px; border-radius: 50px; text-decoration: none;font-size: 20px; font-weight: 600; left: 0%; width: 150px; height: 50px; position: relative\">\n    Doar\n  <\/a>\n<\/div>\n\n\n\n<div style=\"height:65px\" aria-hidden=\"true\" class=\"wp-block-spacer\"><\/div>\n\n\n\n<div class=\"googlemaps\">\n<iframe src=\"https:\/\/www.google.com\/maps\/embed?pb=!1m18!1m12!1m3!1d3658.5233399928456!2d-46.41749862502266!3d-23.513672359841213!2m3!1f0!2f0!3f0!3m2!1i1024!2i768!4f13.1!3m3!1m2!1s0x94ce6476a20b18df%3A0xe68e57be957f8399!2sAv.%20Jo%C3%A3o%20Batista%20Santiago%2C%20373%20-%20Parque%20Santa%20Rita%2C%20S%C3%A3o%20Paulo%20-%20SP%2C%2008150-030!5e0!3m2!1spt-BR!2sbr!4v1752803887391!5m2!1spt-BR!2sbr\" width=\"600\" height=\"450\" style=\"border:0;\" allowfullscreen=\"\" loading=\"lazy\" referrerpolicy=\"no-referrer-when-downgrade\"><\/iframe>\n<\/div>\n","protected":false},"excerpt":{"rendered":"<p>Parceiros da A\u00e7\u00e3o Univida Reconhecemos e valorizamos o apoio constante dos nossos parceiros, que desempenham um papel fundamental no sucesso de&nbsp;nossas&nbsp;a\u00e7\u00f5es! Nossos parceiros s\u00e3o parte essencial da nossa miss\u00e3o. Gra\u00e7as a esse apoio, conseguimos manter nossas atividades, transformar vidas e fortalecer nossa comunidade. Cada contribui\u00e7\u00e3o, cada gesto e cada colabora\u00e7\u00e3o fazem uma enorme diferen\u00e7a no &hellip; <\/p>\n<p class=\"link-more\"><a href=\"https:\/\/acaounivida.org.br\/index.php\/parceiros\/\" class=\"more-link\">Leia mais<span class=\"screen-reader-text\"> &#8220;&#8221;<\/span><\/a><\/p>\n","protected":false},"author":1,"featured_media":0,"parent":0,"menu_order":0,"comment_status":"closed","ping_status":"closed","template":"","meta":{"inspiro_hide_title":false,"footnotes":""},"class_list":["post-39","page","type-page","status-publish","hentry"],"yoast_head":"<!-- This site is optimized with the Yoast SEO plugin v27.4 - https:\/\/yoast.com\/product\/yoast-seo-wordpress\/ -->\n<title>- Institui\u00e7\u00e3o Beneficente A\u00e7\u00e3o Univida<\/title>\n<meta name=\"robots\" content=\"index, follow, max-snippet:-1, max-image-preview:large, max-video-preview:-1\" \/>\n<link rel=\"canonical\" href=\"https:\/\/acaounivida.org.br\/index.php\/parceiros\/\" \/>\n<meta property=\"og:locale\" content=\"pt_BR\" \/>\n<meta property=\"og:type\" content=\"article\" \/>\n<meta property=\"og:title\" content=\"- Institui\u00e7\u00e3o Beneficente A\u00e7\u00e3o Univida\" \/>\n<meta property=\"og:description\" content=\"Parceiros da A\u00e7\u00e3o Univida Reconhecemos e valorizamos o apoio constante dos nossos parceiros, que desempenham um papel fundamental no sucesso de&nbsp;nossas&nbsp;a\u00e7\u00f5es! Nossos parceiros s\u00e3o parte essencial da nossa miss\u00e3o. Gra\u00e7as a esse apoio, conseguimos manter nossas atividades, transformar vidas e fortalecer nossa comunidade. Cada contribui\u00e7\u00e3o, cada gesto e cada colabora\u00e7\u00e3o fazem uma enorme diferen\u00e7a no &hellip; Leia mais &quot;&quot;\" \/>\n<meta property=\"og:url\" content=\"https:\/\/acaounivida.org.br\/index.php\/parceiros\/\" \/>\n<meta property=\"og:site_name\" content=\"Institui\u00e7\u00e3o Beneficente A\u00e7\u00e3o Univida\" \/>\n<meta property=\"article:publisher\" content=\"https:\/\/www.facebook.com\/associacaoespacocurumim\" \/>\n<meta property=\"article:modified_time\" content=\"2025-08-04T18:41:38+00:00\" \/>\n<meta property=\"og:image\" content=\"https:\/\/acaounivida.org.br\/wp-content\/uploads\/2025\/07\/BannercarapintadaTextofundolapis1_LE_upscale_balanced_x2.jpg\" \/>\n\t<meta property=\"og:image:width\" content=\"2400\" \/>\n\t<meta property=\"og:image:height\" content=\"1000\" \/>\n\t<meta property=\"og:image:type\" content=\"image\/jpeg\" \/>\n<meta name=\"twitter:card\" content=\"summary_large_image\" \/>\n<meta name=\"twitter:label1\" content=\"Est. tempo de leitura\" \/>\n\t<meta name=\"twitter:data1\" content=\"3 minutos\" \/>\n<script type=\"application\/ld+json\" class=\"yoast-schema-graph\">{\"@context\":\"https:\\\/\\\/schema.org\",\"@graph\":[{\"@type\":\"WebPage\",\"@id\":\"https:\\\/\\\/acaounivida.org.br\\\/index.php\\\/parceiros\\\/\",\"url\":\"https:\\\/\\\/acaounivida.org.br\\\/index.php\\\/parceiros\\\/\",\"name\":\"- Institui\u00e7\u00e3o Beneficente A\u00e7\u00e3o Univida\",\"isPartOf\":{\"@id\":\"https:\\\/\\\/acaounivida.org.br\\\/#website\"},\"primaryImageOfPage\":{\"@id\":\"https:\\\/\\\/acaounivida.org.br\\\/index.php\\\/parceiros\\\/#primaryimage\"},\"image\":{\"@id\":\"https:\\\/\\\/acaounivida.org.br\\\/index.php\\\/parceiros\\\/#primaryimage\"},\"thumbnailUrl\":\"http:\\\/\\\/acaounivida.org.br\\\/wp-content\\\/uploads\\\/2025\\\/08\\\/Imagem-do-WhatsApp-de-2025-08-04-as-15.37.53_47608038.jpg\",\"datePublished\":\"2025-05-17T07:15:18+00:00\",\"dateModified\":\"2025-08-04T18:41:38+00:00\",\"inLanguage\":\"pt-BR\",\"potentialAction\":[{\"@type\":\"ReadAction\",\"target\":[\"https:\\\/\\\/acaounivida.org.br\\\/index.php\\\/parceiros\\\/\"]}]},{\"@type\":\"ImageObject\",\"inLanguage\":\"pt-BR\",\"@id\":\"https:\\\/\\\/acaounivida.org.br\\\/index.php\\\/parceiros\\\/#primaryimage\",\"url\":\"https:\\\/\\\/acaounivida.org.br\\\/wp-content\\\/uploads\\\/2025\\\/07\\\/BannercarapintadaTextofundolapis1_LE_upscale_balanced_x2.jpg\",\"contentUrl\":\"https:\\\/\\\/acaounivida.org.br\\\/wp-content\\\/uploads\\\/2025\\\/07\\\/BannercarapintadaTextofundolapis1_LE_upscale_balanced_x2.jpg\",\"width\":2400,\"height\":1000},{\"@type\":\"WebSite\",\"@id\":\"https:\\\/\\\/acaounivida.org.br\\\/#website\",\"url\":\"https:\\\/\\\/acaounivida.org.br\\\/\",\"name\":\"Associa\u00e7\u00e3o Espa\u00e7o Curumim\",\"description\":\"A\u00e7\u00e3o UniVida: Institui\u00e7\u00e3o beneficente que constr\u00f3i um mundo melhor atrav\u00e9s da educa\u00e7\u00e3o em valores e apoio a fam\u00edlias vulner\u00e1veis. Conhe\u00e7a nossos projetos e como ajudar.\",\"publisher\":{\"@id\":\"https:\\\/\\\/acaounivida.org.br\\\/#organization\"},\"potentialAction\":[{\"@type\":\"SearchAction\",\"target\":{\"@type\":\"EntryPoint\",\"urlTemplate\":\"https:\\\/\\\/acaounivida.org.br\\\/?s={search_term_string}\"},\"query-input\":{\"@type\":\"PropertyValueSpecification\",\"valueRequired\":true,\"valueName\":\"search_term_string\"}}],\"inLanguage\":\"pt-BR\"},{\"@type\":\"Organization\",\"@id\":\"https:\\\/\\\/acaounivida.org.br\\\/#organization\",\"name\":\"Associa\u00e7\u00e3o Espa\u00e7o Curumim\",\"url\":\"https:\\\/\\\/acaounivida.org.br\\\/\",\"logo\":{\"@type\":\"ImageObject\",\"inLanguage\":\"pt-BR\",\"@id\":\"https:\\\/\\\/acaounivida.org.br\\\/#\\\/schema\\\/logo\\\/image\\\/\",\"url\":\"https:\\\/\\\/acaounivida.org.br\\\/wp-content\\\/uploads\\\/2025\\\/07\\\/logo-com-sobra-2025.png\",\"contentUrl\":\"https:\\\/\\\/acaounivida.org.br\\\/wp-content\\\/uploads\\\/2025\\\/07\\\/logo-com-sobra-2025.png\",\"width\":400,\"height\":347,\"caption\":\"Associa\u00e7\u00e3o Espa\u00e7o Curumim\"},\"image\":{\"@id\":\"https:\\\/\\\/acaounivida.org.br\\\/#\\\/schema\\\/logo\\\/image\\\/\"},\"sameAs\":[\"https:\\\/\\\/www.facebook.com\\\/associacaoespacocurumim\",\"https:\\\/\\\/www.instagram.com\\\/associacaoespacocurumim\\\/\"]}]}<\/script>\n<!-- \/ Yoast SEO plugin. -->","yoast_head_json":{"title":"- Institui\u00e7\u00e3o Beneficente A\u00e7\u00e3o Univida","robots":{"index":"index","follow":"follow","max-snippet":"max-snippet:-1","max-image-preview":"max-image-preview:large","max-video-preview":"max-video-preview:-1"},"canonical":"https:\/\/acaounivida.org.br\/index.php\/parceiros\/","og_locale":"pt_BR","og_type":"article","og_title":"- Institui\u00e7\u00e3o Beneficente A\u00e7\u00e3o Univida","og_description":"Parceiros da A\u00e7\u00e3o Univida Reconhecemos e valorizamos o apoio constante dos nossos parceiros, que desempenham um papel fundamental no sucesso de&nbsp;nossas&nbsp;a\u00e7\u00f5es! Nossos parceiros s\u00e3o parte essencial da nossa miss\u00e3o. Gra\u00e7as a esse apoio, conseguimos manter nossas atividades, transformar vidas e fortalecer nossa comunidade. Cada contribui\u00e7\u00e3o, cada gesto e cada colabora\u00e7\u00e3o fazem uma enorme diferen\u00e7a no &hellip; Leia mais \"\"","og_url":"https:\/\/acaounivida.org.br\/index.php\/parceiros\/","og_site_name":"Institui\u00e7\u00e3o Beneficente A\u00e7\u00e3o Univida","article_publisher":"https:\/\/www.facebook.com\/associacaoespacocurumim","article_modified_time":"2025-08-04T18:41:38+00:00","og_image":[{"width":2400,"height":1000,"url":"https:\/\/acaounivida.org.br\/wp-content\/uploads\/2025\/07\/BannercarapintadaTextofundolapis1_LE_upscale_balanced_x2.jpg","type":"image\/jpeg"}],"twitter_card":"summary_large_image","twitter_misc":{"Est. tempo de leitura":"3 minutos"},"schema":{"@context":"https:\/\/schema.org","@graph":[{"@type":"WebPage","@id":"https:\/\/acaounivida.org.br\/index.php\/parceiros\/","url":"https:\/\/acaounivida.org.br\/index.php\/parceiros\/","name":"- Institui\u00e7\u00e3o Beneficente A\u00e7\u00e3o Univida","isPartOf":{"@id":"https:\/\/acaounivida.org.br\/#website"},"primaryImageOfPage":{"@id":"https:\/\/acaounivida.org.br\/index.php\/parceiros\/#primaryimage"},"image":{"@id":"https:\/\/acaounivida.org.br\/index.php\/parceiros\/#primaryimage"},"thumbnailUrl":"http:\/\/acaounivida.org.br\/wp-content\/uploads\/2025\/08\/Imagem-do-WhatsApp-de-2025-08-04-as-15.37.53_47608038.jpg","datePublished":"2025-05-17T07:15:18+00:00","dateModified":"2025-08-04T18:41:38+00:00","inLanguage":"pt-BR","potentialAction":[{"@type":"ReadAction","target":["https:\/\/acaounivida.org.br\/index.php\/parceiros\/"]}]},{"@type":"ImageObject","inLanguage":"pt-BR","@id":"https:\/\/acaounivida.org.br\/index.php\/parceiros\/#primaryimage","url":"https:\/\/acaounivida.org.br\/wp-content\/uploads\/2025\/07\/BannercarapintadaTextofundolapis1_LE_upscale_balanced_x2.jpg","contentUrl":"https:\/\/acaounivida.org.br\/wp-content\/uploads\/2025\/07\/BannercarapintadaTextofundolapis1_LE_upscale_balanced_x2.jpg","width":2400,"height":1000},{"@type":"WebSite","@id":"https:\/\/acaounivida.org.br\/#website","url":"https:\/\/acaounivida.org.br\/","name":"Associa\u00e7\u00e3o Espa\u00e7o Curumim","description":"A\u00e7\u00e3o UniVida: Institui\u00e7\u00e3o beneficente que constr\u00f3i um mundo melhor atrav\u00e9s da educa\u00e7\u00e3o em valores e apoio a fam\u00edlias vulner\u00e1veis. Conhe\u00e7a nossos projetos e como ajudar.","publisher":{"@id":"https:\/\/acaounivida.org.br\/#organization"},"potentialAction":[{"@type":"SearchAction","target":{"@type":"EntryPoint","urlTemplate":"https:\/\/acaounivida.org.br\/?s={search_term_string}"},"query-input":{"@type":"PropertyValueSpecification","valueRequired":true,"valueName":"search_term_string"}}],"inLanguage":"pt-BR"},{"@type":"Organization","@id":"https:\/\/acaounivida.org.br\/#organization","name":"Associa\u00e7\u00e3o Espa\u00e7o Curumim","url":"https:\/\/acaounivida.org.br\/","logo":{"@type":"ImageObject","inLanguage":"pt-BR","@id":"https:\/\/acaounivida.org.br\/#\/schema\/logo\/image\/","url":"https:\/\/acaounivida.org.br\/wp-content\/uploads\/2025\/07\/logo-com-sobra-2025.png","contentUrl":"https:\/\/acaounivida.org.br\/wp-content\/uploads\/2025\/07\/logo-com-sobra-2025.png","width":400,"height":347,"caption":"Associa\u00e7\u00e3o Espa\u00e7o Curumim"},"image":{"@id":"https:\/\/acaounivida.org.br\/#\/schema\/logo\/image\/"},"sameAs":["https:\/\/www.facebook.com\/associacaoespacocurumim","https:\/\/www.instagram.com\/associacaoespacocurumim\/"]}]}},"featured_media_urls":[],"_links":{"self":[{"href":"https:\/\/acaounivida.org.br\/index.php\/wp-json\/wp\/v2\/pages\/39","targetHints":{"allow":["GET"]}}],"collection":[{"href":"https:\/\/acaounivida.org.br\/index.php\/wp-json\/wp\/v2\/pages"}],"about":[{"href":"https:\/\/acaounivida.org.br\/index.php\/wp-json\/wp\/v2\/types\/page"}],"author":[{"embeddable":true,"href":"https:\/\/acaounivida.org.br\/index.php\/wp-json\/wp\/v2\/users\/1"}],"replies":[{"embeddable":true,"href":"https:\/\/acaounivida.org.br\/index.php\/wp-json\/wp\/v2\/comments?post=39"}],"version-history":[{"count":88,"href":"https:\/\/acaounivida.org.br\/index.php\/wp-json\/wp\/v2\/pages\/39\/revisions"}],"predecessor-version":[{"id":2517,"href":"https:\/\/acaounivida.org.br\/index.php\/wp-json\/wp\/v2\/pages\/39\/revisions\/2517"}],"wp:attachment":[{"href":"https:\/\/acaounivida.org.br\/index.php\/wp-json\/wp\/v2\/media?parent=39"}],"curies":[{"name":"wp","href":"https:\/\/api.w.org\/{rel}","templated":true}]}}