{"id":170,"date":"2025-05-17T20:19:21","date_gmt":"2025-05-17T23:19:21","guid":{"rendered":"http:\/\/acaounivida.org.br\/?page_id=170"},"modified":"2025-08-15T13:39:27","modified_gmt":"2025-08-15T16:39:27","slug":"como-ajudar","status":"publish","type":"page","link":"https:\/\/acaounivida.org.br\/index.php\/como-ajudar\/","title":{"rendered":""},"content":{"rendered":"\n<figure class=\"wp-block-image alignfull size-large\" style=\"margin-top: -90px;\">\n    <img decoding=\"async\" src=\"http:\/\/acaounivida.org.br\/wp-content\/uploads\/2025\/07\/IMG_20250310_090611-2048x1152_copia-1-1.jpg\" alt=\"\" class=\"wp-image-2351\"\/>\n<\/figure>\n\n\n\n<h1 class=\"wp-block-heading alignwide has-text-align-center\">Como Ajudar<\/h1>\n\n\n\n<div class=\"wp-block-columns is-layout-flex wp-container-core-columns-is-layout-28f84493 wp-block-columns-is-layout-flex\">\n<div class=\"wp-block-column is-layout-flow wp-block-column-is-layout-flow\">\n<div class=\"wp-block-columns is-layout-flex wp-container-core-columns-is-layout-28f84493 wp-block-columns-is-layout-flex\">\n<div class=\"wp-block-column is-layout-flow wp-block-column-is-layout-flow\" style=\"flex-basis:25%\"><\/div>\n\n\n\n<div class=\"wp-block-column is-layout-flow wp-block-column-is-layout-flow\" style=\"flex-basis:50%\">\n<figure class=\"wp-block-image size-full\"><img fetchpriority=\"high\" decoding=\"async\" width=\"600\" height=\"600\" src=\"http:\/\/acaounivida.org.br\/wp-content\/uploads\/2025\/08\/Imagem-do-WhatsApp-de-2025-08-13-as-10.34.47_5b1f5941-copia.jpg\" alt=\"\" class=\"wp-image-2564\" srcset=\"https:\/\/acaounivida.org.br\/wp-content\/uploads\/2025\/08\/Imagem-do-WhatsApp-de-2025-08-13-as-10.34.47_5b1f5941-copia.jpg 600w, https:\/\/acaounivida.org.br\/wp-content\/uploads\/2025\/08\/Imagem-do-WhatsApp-de-2025-08-13-as-10.34.47_5b1f5941-copia-300x300.jpg 300w, https:\/\/acaounivida.org.br\/wp-content\/uploads\/2025\/08\/Imagem-do-WhatsApp-de-2025-08-13-as-10.34.47_5b1f5941-copia-150x150.jpg 150w\" sizes=\"(max-width: 600px) 100vw, 600px\" \/><\/figure>\n\n\n\n<h2 class=\"wp-block-heading has-text-align-center\">Aque\u00e7a um Cora\u00e7\u00e3o Neste Inverno<\/h2>\n\n\n\n<div class=\"aec-bloco\">\n    <div class=\"aec-abraca\">\n        O frio pode machucar mais do que imaginamos.<br \/><br \/>\n        A Institui\u00e7\u00e3o Beneficente A\u00e7\u00e3o Univida acolhe e cuida de 115 crian\u00e7as, que vive e convivem com HIV, CA (C\u00e2ncer) e de extrema car\u00eancia. S\u00e3o pequenos guerreiros que enfrentam desafios di\u00e1rios \u2013 e agora precisam da nossa ajuda para enfrentar o frio com dignidade.<br \/><br \/>\n        Com R$182,00, voc\u00ea apadrinha uma crian\u00e7a com um kit agasalho completo, trazendo conforto, calor e amor.<br \/><br \/>\n        O valor que voc\u00ea puder doar, ser\u00e1 bem-vindo. \ud83e\udd1d<br \/><br \/>\n        Contamos com voc\u00ea para aquecer essas vidas.<br \/><br \/>\n        Cada doa\u00e7\u00e3o \u00e9 um gesto de carinho que\u00a0transforma.<br \/><br \/>\n    <\/div>\n    <div class=\"aec-toggle\">Ver mais<\/div>\n<\/div>\n<\/div>\n\n\n\n<div class=\"wp-block-column is-layout-flow wp-block-column-is-layout-flow\" style=\"flex-basis:25%\"><\/div>\n<\/div>\n\n\n\n<div style=\"height:22px\" aria-hidden=\"true\" class=\"wp-block-spacer\"><\/div>\n\n\n\n<div style=\"height:22px\" aria-hidden=\"true\" class=\"wp-block-spacer\"><\/div>\n\n\n\n<h2 class=\"wp-block-heading has-text-align-center\">Junte-se a n\u00f3s para transformar vidas!<\/h2>\n\n\n\n<div style=\"height:22px\" aria-hidden=\"true\" class=\"wp-block-spacer\"><\/div>\n\n\n\n<div class=\"wp-block-columns is-layout-flex wp-container-core-columns-is-layout-28f84493 wp-block-columns-is-layout-flex\">\n<div class=\"wp-block-column is-vertically-aligned-center is-layout-flow wp-block-column-is-layout-flow\">\n<div class=\"texto-curumim\">\n  <p>A Institui\u00e7\u00e3o Beneficente A\u00e7\u00e3o Univida acredita na for\u00e7a da comunidade e na pot\u00eancia de cada crian\u00e7a e adolescente. Atuamos h\u00e1 anos com a\u00e7\u00f5es que promovem educa\u00e7\u00e3o, cultura, alimenta\u00e7\u00e3o saud\u00e1vel e inclus\u00e3o social, junto a crian\u00e7as em situa\u00e7\u00e3o de vulnerabilidade.<br \/>\n  Sua doa\u00e7\u00e3o faz diferen\u00e7a. Cada contribui\u00e7\u00e3o ajuda a cultivar um futuro mais justo, consciente e solid\u00e1rio.<br \/>\n  Doe agora e ajude a semear\u00a0esperan\u00e7a!<\/p>\n<\/div>\n<\/div>\n\n\n\n<div class=\"wp-block-column is-vertically-aligned-center is-layout-flow wp-block-column-is-layout-flow\">\n<figure class=\"wp-block-image aligncenter size-full\"><img decoding=\"async\" src=\"http:\/\/acaounivida.org.br\/wp-content\/uploads\/2025\/07\/20191015_104453_copia.webp\" alt=\"\" class=\"wp-image-2211\"\/><\/figure>\n<\/div>\n<\/div>\n<\/div>\n<\/div>\n\n\n\n<h2 class=\"wp-block-heading has-text-align-center\">Vamos fazer a diferen\u00e7a!<\/h2>\n\n\n\n<div class=\"wp-block-columns are-vertically-aligned-center is-layout-flex wp-container-core-columns-is-layout-28f84493 wp-block-columns-is-layout-flex\">\n<div class=\"wp-block-column is-vertically-aligned-center is-layout-flow wp-block-column-is-layout-flow\" style=\"flex-basis:100%\">\n<div class=\"wp-block-columns is-layout-flex wp-container-core-columns-is-layout-28f84493 wp-block-columns-is-layout-flex\">\n<div class=\"wp-block-column is-layout-flow wp-block-column-is-layout-flow\" style=\"flex-basis:100%\">\n<div class=\"wp-block-columns is-layout-flex wp-container-core-columns-is-layout-28f84493 wp-block-columns-is-layout-flex\">\n<div class=\"wp-block-column is-layout-flow wp-block-column-is-layout-flow\" style=\"flex-basis:100%\">\n<div class=\"wp-block-columns is-layout-flex wp-container-core-columns-is-layout-28f84493 wp-block-columns-is-layout-flex\">\n<div class=\"wp-block-column is-layout-flow wp-block-column-is-layout-flow\" style=\"flex-basis:100%\">\n<h4 class=\"wp-block-heading has-text-align-center\">Entre em contato e descubra as muitas formas de nos ajudar!<\/h4>\n<\/div>\n<\/div>\n<\/div>\n<\/div>\n<\/div>\n<\/div>\n<\/div>\n<\/div>\n\n\n\n<div class=\"wp-block-columns is-layout-flex wp-container-core-columns-is-layout-28f84493 wp-block-columns-is-layout-flex\">\n<div class=\"wp-block-column is-vertically-aligned-center is-layout-flow wp-block-column-is-layout-flow\">\n<div class=\"como-ajudar-pix\">\n    <strong>PIX<\/strong><br>\n    Doe atrav\u00e9s do PIX<br>\n    11947241985\n<\/div>\n<\/div>\n\n\n\n<div class=\"wp-block-column is-vertically-aligned-center is-layout-flow wp-block-column-is-layout-flow\">\n<div class=\"como-ajudar-conta\">\n    <strong>Dados da Conta<\/strong><br \/>\n    Banco do Brasil<br \/>\n    Ag\u00eancia: 4065-7<br \/>\n    C\/C: 19224-4<br \/>\n    CNPJ: 03.355.458\/0001-51<br \/>\n<\/div>\n<\/div>\n\n\n\n<div class=\"wp-block-column is-vertically-aligned-center is-layout-flow wp-block-column-is-layout-flow\">\n<figure class=\"wp-block-image aligncenter size-full\"><img decoding=\"async\" width=\"500\" height=\"500\" src=\"http:\/\/acaounivida.org.br\/wp-content\/uploads\/2025\/07\/Imagem-do-WhatsApp-de-2025-07-21-as-15.12.33_63506d9c-Copia-1.jpg\" alt=\"\" class=\"wp-image-2095\" style=\"object-fit:cover\" srcset=\"https:\/\/acaounivida.org.br\/wp-content\/uploads\/2025\/07\/Imagem-do-WhatsApp-de-2025-07-21-as-15.12.33_63506d9c-Copia-1.jpg 500w, https:\/\/acaounivida.org.br\/wp-content\/uploads\/2025\/07\/Imagem-do-WhatsApp-de-2025-07-21-as-15.12.33_63506d9c-Copia-1-300x300.jpg 300w, https:\/\/acaounivida.org.br\/wp-content\/uploads\/2025\/07\/Imagem-do-WhatsApp-de-2025-07-21-as-15.12.33_63506d9c-Copia-1-150x150.jpg 150w\" sizes=\"(max-width: 500px) 100vw, 500px\" \/><\/figure>\n<\/div>\n<\/div>\n\n\n\n<div class=\"googlemaps\">\n  <iframe src=\"https:\/\/www.google.com\/maps\/embed?pb=!1m18!1m12!1m3!1d3658.5233399928456!2d-46.41749862502266!3d-23.513672359841213!2m3!1f0!2f0!3f0!3m2!1i1024!2i768!4f13.1!3m3!1m2!1s0x94ce6476a20b18df%3A0xe68e57be957f8399!2sAv.%20Jo%C3%A3o%20Batista%20Santiago%2C%20373%20-%20Parque%20Santa%20Rita%2C%20S%C3%A3o%20Paulo%20-%20SP%2C%2008150-030!5e0!3m2!1spt-BR!2sbr!4v1752803887391!5m2!1spt-BR!2sbr\" width=\"600\" height=\"450\" style=\"border:0;\" allowfullscreen=\"\" loading=\"lazy\" referrerpolicy=\"no-referrer-when-downgrade\"><\/iframe>\n<\/div>\n\n\n\n<script>\ndocument.querySelectorAll('.aec-bloco').forEach(bloco => {\n    const texto = bloco.querySelector('.aec-abraca');\n    const toggle = bloco.querySelector('.aec-toggle');\n\n    toggle.addEventListener('click', () => {\n        texto.classList.toggle('expanded');\n        toggle.classList.toggle('open');\n        toggle.innerText = toggle.classList.contains('open') ? 'Ver menos' : 'Ver mais';\n    });\n});\n<\/script>\n","protected":false},"excerpt":{"rendered":"<p>Como Ajudar Aque\u00e7a um Cora\u00e7\u00e3o Neste Inverno O frio pode machucar mais do que imaginamos. A Institui\u00e7\u00e3o Beneficente A\u00e7\u00e3o Univida acolhe e cuida de 115 crian\u00e7as, que vive e convivem com HIV, CA (C\u00e2ncer) e de extrema car\u00eancia. S\u00e3o pequenos guerreiros que enfrentam desafios di\u00e1rios \u2013 e agora precisam da nossa ajuda para enfrentar o &hellip; <\/p>\n<p class=\"link-more\"><a href=\"https:\/\/acaounivida.org.br\/index.php\/como-ajudar\/\" class=\"more-link\">Leia mais<span class=\"screen-reader-text\"> &#8220;&#8221;<\/span><\/a><\/p>\n","protected":false},"author":1,"featured_media":0,"parent":0,"menu_order":0,"comment_status":"closed","ping_status":"closed","template":"","meta":{"inspiro_hide_title":false,"footnotes":""},"class_list":["post-170","page","type-page","status-publish","hentry"],"yoast_head":"<!-- This site is optimized with the Yoast SEO plugin v27.4 - https:\/\/yoast.com\/product\/yoast-seo-wordpress\/ -->\n<title>- Institui\u00e7\u00e3o Beneficente A\u00e7\u00e3o Univida<\/title>\n<meta name=\"description\" content=\"A\u00e7\u00e3o UniVida: Institui\u00e7\u00e3o beneficente que constr\u00f3i um mundo melhor atrav\u00e9s da educa\u00e7\u00e3o em valores e apoio a fam\u00edlias vulner\u00e1veis. Conhe\u00e7a nossos projetos e como ajudar.\" \/>\n<meta name=\"robots\" content=\"index, follow, max-snippet:-1, max-image-preview:large, max-video-preview:-1\" \/>\n<link rel=\"canonical\" href=\"https:\/\/acaounivida.org.br\/index.php\/como-ajudar\/\" \/>\n<meta property=\"og:locale\" content=\"pt_BR\" \/>\n<meta property=\"og:type\" content=\"article\" \/>\n<meta property=\"og:title\" content=\"- Institui\u00e7\u00e3o Beneficente A\u00e7\u00e3o Univida\" \/>\n<meta property=\"og:description\" content=\"A\u00e7\u00e3o UniVida: Institui\u00e7\u00e3o beneficente que constr\u00f3i um mundo melhor atrav\u00e9s da educa\u00e7\u00e3o em valores e apoio a fam\u00edlias vulner\u00e1veis. Conhe\u00e7a nossos projetos e como ajudar.\" \/>\n<meta property=\"og:url\" content=\"https:\/\/acaounivida.org.br\/index.php\/como-ajudar\/\" \/>\n<meta property=\"og:site_name\" content=\"Institui\u00e7\u00e3o Beneficente A\u00e7\u00e3o Univida\" \/>\n<meta property=\"article:publisher\" content=\"https:\/\/www.facebook.com\/associacaoespacocurumim\" \/>\n<meta property=\"article:modified_time\" content=\"2025-08-15T16:39:27+00:00\" \/>\n<meta property=\"og:image\" content=\"https:\/\/acaounivida.org.br\/wp-content\/uploads\/2025\/07\/BannercarapintadaTextofundolapis1_LE_upscale_balanced_x2.jpg\" \/>\n\t<meta property=\"og:image:width\" content=\"2400\" \/>\n\t<meta property=\"og:image:height\" content=\"1000\" \/>\n\t<meta property=\"og:image:type\" content=\"image\/jpeg\" \/>\n<meta name=\"twitter:card\" content=\"summary_large_image\" \/>\n<meta name=\"twitter:label1\" content=\"Est. tempo de leitura\" \/>\n\t<meta name=\"twitter:data1\" content=\"2 minutos\" \/>\n<script type=\"application\/ld+json\" class=\"yoast-schema-graph\">{\"@context\":\"https:\\\/\\\/schema.org\",\"@graph\":[{\"@type\":\"WebPage\",\"@id\":\"https:\\\/\\\/acaounivida.org.br\\\/index.php\\\/como-ajudar\\\/\",\"url\":\"https:\\\/\\\/acaounivida.org.br\\\/index.php\\\/como-ajudar\\\/\",\"name\":\"- Institui\u00e7\u00e3o Beneficente A\u00e7\u00e3o Univida\",\"isPartOf\":{\"@id\":\"https:\\\/\\\/acaounivida.org.br\\\/#website\"},\"primaryImageOfPage\":{\"@id\":\"https:\\\/\\\/acaounivida.org.br\\\/index.php\\\/como-ajudar\\\/#primaryimage\"},\"image\":{\"@id\":\"https:\\\/\\\/acaounivida.org.br\\\/index.php\\\/como-ajudar\\\/#primaryimage\"},\"thumbnailUrl\":\"http:\\\/\\\/acaounivida.org.br\\\/wp-content\\\/uploads\\\/2025\\\/07\\\/IMG_20250310_090611-2048x1152_copia-1-1.jpg\",\"datePublished\":\"2025-05-17T23:19:21+00:00\",\"dateModified\":\"2025-08-15T16:39:27+00:00\",\"description\":\"A\u00e7\u00e3o UniVida: Institui\u00e7\u00e3o beneficente que constr\u00f3i um mundo melhor atrav\u00e9s da educa\u00e7\u00e3o em valores e apoio a fam\u00edlias vulner\u00e1veis. Conhe\u00e7a nossos projetos e como ajudar.\",\"inLanguage\":\"pt-BR\",\"potentialAction\":[{\"@type\":\"ReadAction\",\"target\":[\"https:\\\/\\\/acaounivida.org.br\\\/index.php\\\/como-ajudar\\\/\"]}]},{\"@type\":\"ImageObject\",\"inLanguage\":\"pt-BR\",\"@id\":\"https:\\\/\\\/acaounivida.org.br\\\/index.php\\\/como-ajudar\\\/#primaryimage\",\"url\":\"https:\\\/\\\/acaounivida.org.br\\\/wp-content\\\/uploads\\\/2025\\\/07\\\/BannercarapintadaTextofundolapis1_LE_upscale_balanced_x2.jpg\",\"contentUrl\":\"https:\\\/\\\/acaounivida.org.br\\\/wp-content\\\/uploads\\\/2025\\\/07\\\/BannercarapintadaTextofundolapis1_LE_upscale_balanced_x2.jpg\",\"width\":2400,\"height\":1000},{\"@type\":\"WebSite\",\"@id\":\"https:\\\/\\\/acaounivida.org.br\\\/#website\",\"url\":\"https:\\\/\\\/acaounivida.org.br\\\/\",\"name\":\"Associa\u00e7\u00e3o Espa\u00e7o Curumim\",\"description\":\"A\u00e7\u00e3o UniVida: Institui\u00e7\u00e3o beneficente que constr\u00f3i um mundo melhor atrav\u00e9s da educa\u00e7\u00e3o em valores e apoio a fam\u00edlias vulner\u00e1veis. Conhe\u00e7a nossos projetos e como ajudar.\",\"publisher\":{\"@id\":\"https:\\\/\\\/acaounivida.org.br\\\/#organization\"},\"potentialAction\":[{\"@type\":\"SearchAction\",\"target\":{\"@type\":\"EntryPoint\",\"urlTemplate\":\"https:\\\/\\\/acaounivida.org.br\\\/?s={search_term_string}\"},\"query-input\":{\"@type\":\"PropertyValueSpecification\",\"valueRequired\":true,\"valueName\":\"search_term_string\"}}],\"inLanguage\":\"pt-BR\"},{\"@type\":\"Organization\",\"@id\":\"https:\\\/\\\/acaounivida.org.br\\\/#organization\",\"name\":\"Associa\u00e7\u00e3o Espa\u00e7o Curumim\",\"url\":\"https:\\\/\\\/acaounivida.org.br\\\/\",\"logo\":{\"@type\":\"ImageObject\",\"inLanguage\":\"pt-BR\",\"@id\":\"https:\\\/\\\/acaounivida.org.br\\\/#\\\/schema\\\/logo\\\/image\\\/\",\"url\":\"https:\\\/\\\/acaounivida.org.br\\\/wp-content\\\/uploads\\\/2025\\\/07\\\/logo-com-sobra-2025.png\",\"contentUrl\":\"https:\\\/\\\/acaounivida.org.br\\\/wp-content\\\/uploads\\\/2025\\\/07\\\/logo-com-sobra-2025.png\",\"width\":400,\"height\":347,\"caption\":\"Associa\u00e7\u00e3o Espa\u00e7o Curumim\"},\"image\":{\"@id\":\"https:\\\/\\\/acaounivida.org.br\\\/#\\\/schema\\\/logo\\\/image\\\/\"},\"sameAs\":[\"https:\\\/\\\/www.facebook.com\\\/associacaoespacocurumim\",\"https:\\\/\\\/www.instagram.com\\\/associacaoespacocurumim\\\/\"]}]}<\/script>\n<!-- \/ Yoast SEO plugin. -->","yoast_head_json":{"title":"- Institui\u00e7\u00e3o Beneficente A\u00e7\u00e3o Univida","description":"A\u00e7\u00e3o UniVida: Institui\u00e7\u00e3o beneficente que constr\u00f3i um mundo melhor atrav\u00e9s da educa\u00e7\u00e3o em valores e apoio a fam\u00edlias vulner\u00e1veis. Conhe\u00e7a nossos projetos e como ajudar.","robots":{"index":"index","follow":"follow","max-snippet":"max-snippet:-1","max-image-preview":"max-image-preview:large","max-video-preview":"max-video-preview:-1"},"canonical":"https:\/\/acaounivida.org.br\/index.php\/como-ajudar\/","og_locale":"pt_BR","og_type":"article","og_title":"- Institui\u00e7\u00e3o Beneficente A\u00e7\u00e3o Univida","og_description":"A\u00e7\u00e3o UniVida: Institui\u00e7\u00e3o beneficente que constr\u00f3i um mundo melhor atrav\u00e9s da educa\u00e7\u00e3o em valores e apoio a fam\u00edlias vulner\u00e1veis. Conhe\u00e7a nossos projetos e como ajudar.","og_url":"https:\/\/acaounivida.org.br\/index.php\/como-ajudar\/","og_site_name":"Institui\u00e7\u00e3o Beneficente A\u00e7\u00e3o Univida","article_publisher":"https:\/\/www.facebook.com\/associacaoespacocurumim","article_modified_time":"2025-08-15T16:39:27+00:00","og_image":[{"width":2400,"height":1000,"url":"https:\/\/acaounivida.org.br\/wp-content\/uploads\/2025\/07\/BannercarapintadaTextofundolapis1_LE_upscale_balanced_x2.jpg","type":"image\/jpeg"}],"twitter_card":"summary_large_image","twitter_misc":{"Est. tempo de leitura":"2 minutos"},"schema":{"@context":"https:\/\/schema.org","@graph":[{"@type":"WebPage","@id":"https:\/\/acaounivida.org.br\/index.php\/como-ajudar\/","url":"https:\/\/acaounivida.org.br\/index.php\/como-ajudar\/","name":"- Institui\u00e7\u00e3o Beneficente A\u00e7\u00e3o Univida","isPartOf":{"@id":"https:\/\/acaounivida.org.br\/#website"},"primaryImageOfPage":{"@id":"https:\/\/acaounivida.org.br\/index.php\/como-ajudar\/#primaryimage"},"image":{"@id":"https:\/\/acaounivida.org.br\/index.php\/como-ajudar\/#primaryimage"},"thumbnailUrl":"http:\/\/acaounivida.org.br\/wp-content\/uploads\/2025\/07\/IMG_20250310_090611-2048x1152_copia-1-1.jpg","datePublished":"2025-05-17T23:19:21+00:00","dateModified":"2025-08-15T16:39:27+00:00","description":"A\u00e7\u00e3o UniVida: Institui\u00e7\u00e3o beneficente que constr\u00f3i um mundo melhor atrav\u00e9s da educa\u00e7\u00e3o em valores e apoio a fam\u00edlias vulner\u00e1veis. Conhe\u00e7a nossos projetos e como ajudar.","inLanguage":"pt-BR","potentialAction":[{"@type":"ReadAction","target":["https:\/\/acaounivida.org.br\/index.php\/como-ajudar\/"]}]},{"@type":"ImageObject","inLanguage":"pt-BR","@id":"https:\/\/acaounivida.org.br\/index.php\/como-ajudar\/#primaryimage","url":"https:\/\/acaounivida.org.br\/wp-content\/uploads\/2025\/07\/BannercarapintadaTextofundolapis1_LE_upscale_balanced_x2.jpg","contentUrl":"https:\/\/acaounivida.org.br\/wp-content\/uploads\/2025\/07\/BannercarapintadaTextofundolapis1_LE_upscale_balanced_x2.jpg","width":2400,"height":1000},{"@type":"WebSite","@id":"https:\/\/acaounivida.org.br\/#website","url":"https:\/\/acaounivida.org.br\/","name":"Associa\u00e7\u00e3o Espa\u00e7o Curumim","description":"A\u00e7\u00e3o UniVida: Institui\u00e7\u00e3o beneficente que constr\u00f3i um mundo melhor atrav\u00e9s da educa\u00e7\u00e3o em valores e apoio a fam\u00edlias vulner\u00e1veis. Conhe\u00e7a nossos projetos e como ajudar.","publisher":{"@id":"https:\/\/acaounivida.org.br\/#organization"},"potentialAction":[{"@type":"SearchAction","target":{"@type":"EntryPoint","urlTemplate":"https:\/\/acaounivida.org.br\/?s={search_term_string}"},"query-input":{"@type":"PropertyValueSpecification","valueRequired":true,"valueName":"search_term_string"}}],"inLanguage":"pt-BR"},{"@type":"Organization","@id":"https:\/\/acaounivida.org.br\/#organization","name":"Associa\u00e7\u00e3o Espa\u00e7o Curumim","url":"https:\/\/acaounivida.org.br\/","logo":{"@type":"ImageObject","inLanguage":"pt-BR","@id":"https:\/\/acaounivida.org.br\/#\/schema\/logo\/image\/","url":"https:\/\/acaounivida.org.br\/wp-content\/uploads\/2025\/07\/logo-com-sobra-2025.png","contentUrl":"https:\/\/acaounivida.org.br\/wp-content\/uploads\/2025\/07\/logo-com-sobra-2025.png","width":400,"height":347,"caption":"Associa\u00e7\u00e3o Espa\u00e7o Curumim"},"image":{"@id":"https:\/\/acaounivida.org.br\/#\/schema\/logo\/image\/"},"sameAs":["https:\/\/www.facebook.com\/associacaoespacocurumim","https:\/\/www.instagram.com\/associacaoespacocurumim\/"]}]}},"featured_media_urls":[],"_links":{"self":[{"href":"https:\/\/acaounivida.org.br\/index.php\/wp-json\/wp\/v2\/pages\/170","targetHints":{"allow":["GET"]}}],"collection":[{"href":"https:\/\/acaounivida.org.br\/index.php\/wp-json\/wp\/v2\/pages"}],"about":[{"href":"https:\/\/acaounivida.org.br\/index.php\/wp-json\/wp\/v2\/types\/page"}],"author":[{"embeddable":true,"href":"https:\/\/acaounivida.org.br\/index.php\/wp-json\/wp\/v2\/users\/1"}],"replies":[{"embeddable":true,"href":"https:\/\/acaounivida.org.br\/index.php\/wp-json\/wp\/v2\/comments?post=170"}],"version-history":[{"count":124,"href":"https:\/\/acaounivida.org.br\/index.php\/wp-json\/wp\/v2\/pages\/170\/revisions"}],"predecessor-version":[{"id":2612,"href":"https:\/\/acaounivida.org.br\/index.php\/wp-json\/wp\/v2\/pages\/170\/revisions\/2612"}],"wp:attachment":[{"href":"https:\/\/acaounivida.org.br\/index.php\/wp-json\/wp\/v2\/media?parent=170"}],"curies":[{"name":"wp","href":"https:\/\/api.w.org\/{rel}","templated":true}]}}