{"id":13,"date":"2025-05-17T03:44:29","date_gmt":"2025-05-17T06:44:29","guid":{"rendered":"http:\/\/acaounivida.org.br\/?page_id=13"},"modified":"2025-07-30T15:02:03","modified_gmt":"2025-07-30T18:02:03","slug":"contact-2","status":"publish","type":"page","link":"https:\/\/acaounivida.org.br\/index.php\/contact-2\/","title":{"rendered":""},"content":{"rendered":"\n<figure class=\"wp-block-image alignfull size-large\" style=\"margin-top: -90px;\">\n    <img decoding=\"async\" src=\"http:\/\/acaounivida.org.br\/wp-content\/uploads\/2025\/07\/Imagem-do-WhatsApp-de-2025-07-30-as-14.51.30_8e7b1d87.jpg\" alt=\"\" class=\"wp-image-2351\"\/>\n<\/figure>\n\n\n\n<h1 class=\"wp-block-heading has-text-align-center\">Contate-nos<\/h1>\n\n\n\n<div class=\"wp-block-group has-global-padding is-layout-constrained wp-block-group-is-layout-constrained\">\n<div class=\"wp-block-columns are-vertically-aligned-center is-layout-flex wp-container-core-columns-is-layout-d7d455e7 wp-block-columns-is-layout-flex\" style=\"padding-top:0;padding-right:0;padding-bottom:0;padding-left:0\">\n<div class=\"wp-block-column is-vertically-aligned-center is-layout-flow wp-block-column-is-layout-flow\" style=\"padding-right:7%;flex-basis:50%\">\n<h3 class=\"wp-block-heading has-text-align-center\"><strong>SOLIDARIEDADE<\/strong><\/h3>\n\n\n\n<div class=\"texto-curumim\">\n    <p>Na A\u00e7\u00e3o UniVida, a solidariedade e a educa\u00e7\u00e3o em valores s\u00e3o a for\u00e7a que transforma. Seu contato \u00e9 o elo para juntos construirmos um futuro de cuidado, esperan\u00e7a e um mundo mais justo para todos.    \n    <\/p>\n<\/div>\n<\/div>\n\n\n\n<div class=\"wp-block-column is-vertically-aligned-center is-layout-flow wp-block-column-is-layout-flow\" style=\"flex-basis:50%\">\n<figure class=\"wp-block-image size-full\"><img fetchpriority=\"high\" decoding=\"async\" width=\"800\" height=\"450\" src=\"http:\/\/acaounivida.org.br\/wp-content\/uploads\/2025\/07\/IMG_20250310_103008_copia.jpg\" alt=\"\" class=\"wp-image-2165\" srcset=\"https:\/\/acaounivida.org.br\/wp-content\/uploads\/2025\/07\/IMG_20250310_103008_copia.jpg 800w, https:\/\/acaounivida.org.br\/wp-content\/uploads\/2025\/07\/IMG_20250310_103008_copia-300x169.jpg 300w\" sizes=\"(max-width: 800px) 100vw, 800px\" \/><\/figure>\n<\/div>\n<\/div>\n<\/div>\n\n\n\n<div style=\"height:20px\" aria-hidden=\"true\" class=\"wp-block-spacer\"><\/div>\n\n\n\n<div class=\"wp-block-group has-global-padding is-layout-constrained wp-block-group-is-layout-constrained\">\n<div class=\"wp-block-columns are-vertically-aligned-center is-layout-flex wp-container-core-columns-is-layout-4ed999c3 wp-block-columns-is-layout-flex\" style=\"padding-top:var(--wp--preset--spacing--60);padding-bottom:var(--wp--preset--spacing--60);padding-left:0\">\n<div class=\"wp-block-column is-vertically-aligned-center has-global-padding is-content-justification-left is-layout-constrained wp-container-core-column-is-layout-12dd3699 wp-block-column-is-layout-constrained\" style=\"flex-basis:66.66%\">\n<h2 class=\"wp-block-heading has-text-align-center\">\ud83d\udc49 <strong>Junte-se \u00e0 nossa causa.<\/strong><\/h2>\n\n\n\n<blockquote class=\"wp-block-quote is-layout-flow wp-block-quote-is-layout-flow\">\n<p class=\"has-text-align-center\"><em>&#8220;Entendo que solidariedade \u00e9 enxergar no pr\u00f3ximo \u00e0s l\u00e1grimas nunca choradas e as ang\u00fastias nunca verbalizadas&#8221;.<\/em><br><strong>Augusto Cury<\/strong><\/p>\n<\/blockquote>\n<\/div>\n\n\n\n<div class=\"wp-block-column is-vertically-aligned-center is-layout-flow wp-block-column-is-layout-flow\" style=\"flex-basis:33.33%\">\n<div class=\"wp-block-buttons is-content-justification-center is-layout-flex wp-container-core-buttons-is-layout-a89b3969 wp-block-buttons-is-layout-flex\">\n<div class=\"wp-block-button\"><a class=\"wp-block-button__link has-custom-font-size wp-element-button\" href=\"http:\/\/acaounivida.org.br\/\" style=\"border-radius:0px;font-size:14px;font-style:normal;font-weight:600;letter-spacing:1px;text-transform:uppercase\">P\u00e1gina inicial<\/a><\/div>\n<\/div>\n<\/div>\n<\/div>\n\n\n\n<div class=\"wp-block-button is-style-fill\" style=\"text-align: center\">\n  <a class=\"wp-block-button__link has-text-align-center wp-element-button\" \n    href=\"http:\/\/acaounivida.org.br\/index.php\/como-ajudar\/\" \n    style=\"background-color: #FF0000; color: white; padding: 10px 20px; border-radius: 50px; text-decoration: none;font-size: 20px; font-weight: 600; left: 0%; width: 150px; height: 50px; position: relative\">\n    Doar\n  <\/a>\n<\/div>\n<\/div>\n\n\n\n<div class=\"wp-block-group alignfull has-global-padding is-layout-constrained wp-container-core-group-is-layout-19e250f3 wp-block-group-is-layout-constrained\">\n<div class=\"wp-block-columns alignfull are-vertically-aligned-center has-light-background-background-color has-background is-layout-flex wp-container-core-columns-is-layout-dd282781 wp-block-columns-is-layout-flex\" style=\"padding-top:0;padding-right:0;padding-bottom:0;padding-left:0\">\n<div class=\"wp-block-column is-vertically-aligned-center is-layout-flow wp-block-column-is-layout-flow\" style=\"flex-basis:50%\">\n<figure class=\"wp-block-image size-large\"><a href=\"https:\/\/maps.app.goo.gl\/95ecpLha4bVnz6e8A\" target=\"_blank\" rel=\" noreferrer noopener\"><img decoding=\"async\" width=\"1024\" height=\"560\" src=\"http:\/\/acaounivida.org.br\/wp-content\/uploads\/2025\/07\/Captura-de-tela-2025-07-22-171244-1-1024x560.jpg\" alt=\"\" class=\"wp-image-2135\" srcset=\"https:\/\/acaounivida.org.br\/wp-content\/uploads\/2025\/07\/Captura-de-tela-2025-07-22-171244-1-1024x560.jpg 1024w, https:\/\/acaounivida.org.br\/wp-content\/uploads\/2025\/07\/Captura-de-tela-2025-07-22-171244-1-300x164.jpg 300w, https:\/\/acaounivida.org.br\/wp-content\/uploads\/2025\/07\/Captura-de-tela-2025-07-22-171244-1.jpg 1500w\" sizes=\"(max-width: 1024px) 100vw, 1024px\" \/><\/a><\/figure>\n<\/div>\n\n\n\n<div class=\"wp-block-column is-vertically-aligned-center is-layout-flow wp-block-column-is-layout-flow\" style=\"padding-top:var(--wp--preset--spacing--small);padding-right:var(--wp--preset--spacing--small);padding-bottom:var(--wp--preset--spacing--small);padding-left:2%;flex-basis:50%\">\n<h3 class=\"wp-block-heading\">Institui\u00e7\u00e3o Beneficente A\u00e7\u00e3o Univida<\/h3>\n\n\n\n<h3 class=\"wp-block-heading\"><strong>Endere\u00e7o:<\/strong><\/h3>\n\n\n\n<p>Av: Jo\u00e3o Batista Santiago, 373,<br>Parque Santa Rita, SMP \u2013 SP.<br>CEP 08150-030<\/p>\n\n\n\n<h3 class=\"wp-block-heading\"><strong>Email:<\/strong><\/h3>\n\n\n\n<p><a href=\"mailto: acaounivida@acaounivida.org.br\" target=\"_blank\" rel=\"noreferrer noopener\">acaounivida@acaounivida.org.br<\/a><\/p>\n\n\n\n<h3 class=\"wp-block-heading\"><strong>Telefone<\/strong>:<\/h3>\n\n\n\n<p>(11) 2511-5768 \u2013 Fixo<\/p>\n<\/div>\n<\/div>\n<\/div>\n\n\n\n<p><\/p>\n","protected":false},"excerpt":{"rendered":"<p>Contate-nos SOLIDARIEDADE Na A\u00e7\u00e3o UniVida, a solidariedade e a educa\u00e7\u00e3o em valores s\u00e3o a for\u00e7a que transforma. Seu contato \u00e9 o elo para juntos construirmos um futuro de cuidado, esperan\u00e7a e um mundo mais justo para todos. \ud83d\udc49 Junte-se \u00e0 nossa causa. &#8220;Entendo que solidariedade \u00e9 enxergar no pr\u00f3ximo \u00e0s l\u00e1grimas nunca choradas e as &hellip; <\/p>\n<p class=\"link-more\"><a href=\"https:\/\/acaounivida.org.br\/index.php\/contact-2\/\" class=\"more-link\">Leia mais<span class=\"screen-reader-text\"> &#8220;&#8221;<\/span><\/a><\/p>\n","protected":false},"author":1,"featured_media":0,"parent":0,"menu_order":0,"comment_status":"closed","ping_status":"closed","template":"","meta":{"inspiro_hide_title":false,"footnotes":""},"class_list":["post-13","page","type-page","status-publish","hentry"],"yoast_head":"<!-- This site is optimized with the Yoast SEO plugin v27.4 - https:\/\/yoast.com\/product\/yoast-seo-wordpress\/ -->\n<title>- Institui\u00e7\u00e3o Beneficente A\u00e7\u00e3o Univida<\/title>\n<meta name=\"robots\" content=\"index, follow, max-snippet:-1, max-image-preview:large, max-video-preview:-1\" \/>\n<link rel=\"canonical\" href=\"https:\/\/acaounivida.org.br\/index.php\/contact-2\/\" \/>\n<meta property=\"og:locale\" content=\"pt_BR\" \/>\n<meta property=\"og:type\" content=\"article\" \/>\n<meta property=\"og:title\" content=\"- Institui\u00e7\u00e3o Beneficente A\u00e7\u00e3o Univida\" \/>\n<meta property=\"og:description\" content=\"Contate-nos SOLIDARIEDADE Na A\u00e7\u00e3o UniVida, a solidariedade e a educa\u00e7\u00e3o em valores s\u00e3o a for\u00e7a que transforma. Seu contato \u00e9 o elo para juntos construirmos um futuro de cuidado, esperan\u00e7a e um mundo mais justo para todos. \ud83d\udc49 Junte-se \u00e0 nossa causa. &#8220;Entendo que solidariedade \u00e9 enxergar no pr\u00f3ximo \u00e0s l\u00e1grimas nunca choradas e as &hellip; Leia mais &quot;&quot;\" \/>\n<meta property=\"og:url\" content=\"https:\/\/acaounivida.org.br\/index.php\/contact-2\/\" \/>\n<meta property=\"og:site_name\" content=\"Institui\u00e7\u00e3o Beneficente A\u00e7\u00e3o Univida\" \/>\n<meta property=\"article:publisher\" content=\"https:\/\/www.facebook.com\/associacaoespacocurumim\" \/>\n<meta property=\"article:modified_time\" content=\"2025-07-30T18:02:03+00:00\" \/>\n<meta property=\"og:image\" content=\"https:\/\/acaounivida.org.br\/wp-content\/uploads\/2025\/07\/BannercarapintadaTextofundolapis1_LE_upscale_balanced_x2.jpg\" \/>\n\t<meta property=\"og:image:width\" content=\"2400\" \/>\n\t<meta property=\"og:image:height\" content=\"1000\" \/>\n\t<meta property=\"og:image:type\" content=\"image\/jpeg\" \/>\n<meta name=\"twitter:card\" content=\"summary_large_image\" \/>\n<meta name=\"twitter:label1\" content=\"Est. tempo de leitura\" \/>\n\t<meta name=\"twitter:data1\" content=\"1 minuto\" \/>\n<script type=\"application\/ld+json\" class=\"yoast-schema-graph\">{\"@context\":\"https:\\\/\\\/schema.org\",\"@graph\":[{\"@type\":\"WebPage\",\"@id\":\"https:\\\/\\\/acaounivida.org.br\\\/index.php\\\/contact-2\\\/\",\"url\":\"https:\\\/\\\/acaounivida.org.br\\\/index.php\\\/contact-2\\\/\",\"name\":\"- Institui\u00e7\u00e3o Beneficente A\u00e7\u00e3o Univida\",\"isPartOf\":{\"@id\":\"https:\\\/\\\/acaounivida.org.br\\\/#website\"},\"primaryImageOfPage\":{\"@id\":\"https:\\\/\\\/acaounivida.org.br\\\/index.php\\\/contact-2\\\/#primaryimage\"},\"image\":{\"@id\":\"https:\\\/\\\/acaounivida.org.br\\\/index.php\\\/contact-2\\\/#primaryimage\"},\"thumbnailUrl\":\"http:\\\/\\\/acaounivida.org.br\\\/wp-content\\\/uploads\\\/2025\\\/07\\\/Imagem-do-WhatsApp-de-2025-07-30-as-14.51.30_8e7b1d87.jpg\",\"datePublished\":\"2025-05-17T06:44:29+00:00\",\"dateModified\":\"2025-07-30T18:02:03+00:00\",\"inLanguage\":\"pt-BR\",\"potentialAction\":[{\"@type\":\"ReadAction\",\"target\":[\"https:\\\/\\\/acaounivida.org.br\\\/index.php\\\/contact-2\\\/\"]}]},{\"@type\":\"ImageObject\",\"inLanguage\":\"pt-BR\",\"@id\":\"https:\\\/\\\/acaounivida.org.br\\\/index.php\\\/contact-2\\\/#primaryimage\",\"url\":\"https:\\\/\\\/acaounivida.org.br\\\/wp-content\\\/uploads\\\/2025\\\/07\\\/BannercarapintadaTextofundolapis1_LE_upscale_balanced_x2.jpg\",\"contentUrl\":\"https:\\\/\\\/acaounivida.org.br\\\/wp-content\\\/uploads\\\/2025\\\/07\\\/BannercarapintadaTextofundolapis1_LE_upscale_balanced_x2.jpg\",\"width\":2400,\"height\":1000},{\"@type\":\"WebSite\",\"@id\":\"https:\\\/\\\/acaounivida.org.br\\\/#website\",\"url\":\"https:\\\/\\\/acaounivida.org.br\\\/\",\"name\":\"Associa\u00e7\u00e3o Espa\u00e7o Curumim\",\"description\":\"A\u00e7\u00e3o UniVida: Institui\u00e7\u00e3o beneficente que constr\u00f3i um mundo melhor atrav\u00e9s da educa\u00e7\u00e3o em valores e apoio a fam\u00edlias vulner\u00e1veis. Conhe\u00e7a nossos projetos e como ajudar.\",\"publisher\":{\"@id\":\"https:\\\/\\\/acaounivida.org.br\\\/#organization\"},\"potentialAction\":[{\"@type\":\"SearchAction\",\"target\":{\"@type\":\"EntryPoint\",\"urlTemplate\":\"https:\\\/\\\/acaounivida.org.br\\\/?s={search_term_string}\"},\"query-input\":{\"@type\":\"PropertyValueSpecification\",\"valueRequired\":true,\"valueName\":\"search_term_string\"}}],\"inLanguage\":\"pt-BR\"},{\"@type\":\"Organization\",\"@id\":\"https:\\\/\\\/acaounivida.org.br\\\/#organization\",\"name\":\"Associa\u00e7\u00e3o Espa\u00e7o Curumim\",\"url\":\"https:\\\/\\\/acaounivida.org.br\\\/\",\"logo\":{\"@type\":\"ImageObject\",\"inLanguage\":\"pt-BR\",\"@id\":\"https:\\\/\\\/acaounivida.org.br\\\/#\\\/schema\\\/logo\\\/image\\\/\",\"url\":\"https:\\\/\\\/acaounivida.org.br\\\/wp-content\\\/uploads\\\/2025\\\/07\\\/logo-com-sobra-2025.png\",\"contentUrl\":\"https:\\\/\\\/acaounivida.org.br\\\/wp-content\\\/uploads\\\/2025\\\/07\\\/logo-com-sobra-2025.png\",\"width\":400,\"height\":347,\"caption\":\"Associa\u00e7\u00e3o Espa\u00e7o Curumim\"},\"image\":{\"@id\":\"https:\\\/\\\/acaounivida.org.br\\\/#\\\/schema\\\/logo\\\/image\\\/\"},\"sameAs\":[\"https:\\\/\\\/www.facebook.com\\\/associacaoespacocurumim\",\"https:\\\/\\\/www.instagram.com\\\/associacaoespacocurumim\\\/\"]}]}<\/script>\n<!-- \/ Yoast SEO plugin. -->","yoast_head_json":{"title":"- Institui\u00e7\u00e3o Beneficente A\u00e7\u00e3o Univida","robots":{"index":"index","follow":"follow","max-snippet":"max-snippet:-1","max-image-preview":"max-image-preview:large","max-video-preview":"max-video-preview:-1"},"canonical":"https:\/\/acaounivida.org.br\/index.php\/contact-2\/","og_locale":"pt_BR","og_type":"article","og_title":"- Institui\u00e7\u00e3o Beneficente A\u00e7\u00e3o Univida","og_description":"Contate-nos SOLIDARIEDADE Na A\u00e7\u00e3o UniVida, a solidariedade e a educa\u00e7\u00e3o em valores s\u00e3o a for\u00e7a que transforma. Seu contato \u00e9 o elo para juntos construirmos um futuro de cuidado, esperan\u00e7a e um mundo mais justo para todos. \ud83d\udc49 Junte-se \u00e0 nossa causa. &#8220;Entendo que solidariedade \u00e9 enxergar no pr\u00f3ximo \u00e0s l\u00e1grimas nunca choradas e as &hellip; Leia mais \"\"","og_url":"https:\/\/acaounivida.org.br\/index.php\/contact-2\/","og_site_name":"Institui\u00e7\u00e3o Beneficente A\u00e7\u00e3o Univida","article_publisher":"https:\/\/www.facebook.com\/associacaoespacocurumim","article_modified_time":"2025-07-30T18:02:03+00:00","og_image":[{"width":2400,"height":1000,"url":"https:\/\/acaounivida.org.br\/wp-content\/uploads\/2025\/07\/BannercarapintadaTextofundolapis1_LE_upscale_balanced_x2.jpg","type":"image\/jpeg"}],"twitter_card":"summary_large_image","twitter_misc":{"Est. tempo de leitura":"1 minuto"},"schema":{"@context":"https:\/\/schema.org","@graph":[{"@type":"WebPage","@id":"https:\/\/acaounivida.org.br\/index.php\/contact-2\/","url":"https:\/\/acaounivida.org.br\/index.php\/contact-2\/","name":"- Institui\u00e7\u00e3o Beneficente A\u00e7\u00e3o Univida","isPartOf":{"@id":"https:\/\/acaounivida.org.br\/#website"},"primaryImageOfPage":{"@id":"https:\/\/acaounivida.org.br\/index.php\/contact-2\/#primaryimage"},"image":{"@id":"https:\/\/acaounivida.org.br\/index.php\/contact-2\/#primaryimage"},"thumbnailUrl":"http:\/\/acaounivida.org.br\/wp-content\/uploads\/2025\/07\/Imagem-do-WhatsApp-de-2025-07-30-as-14.51.30_8e7b1d87.jpg","datePublished":"2025-05-17T06:44:29+00:00","dateModified":"2025-07-30T18:02:03+00:00","inLanguage":"pt-BR","potentialAction":[{"@type":"ReadAction","target":["https:\/\/acaounivida.org.br\/index.php\/contact-2\/"]}]},{"@type":"ImageObject","inLanguage":"pt-BR","@id":"https:\/\/acaounivida.org.br\/index.php\/contact-2\/#primaryimage","url":"https:\/\/acaounivida.org.br\/wp-content\/uploads\/2025\/07\/BannercarapintadaTextofundolapis1_LE_upscale_balanced_x2.jpg","contentUrl":"https:\/\/acaounivida.org.br\/wp-content\/uploads\/2025\/07\/BannercarapintadaTextofundolapis1_LE_upscale_balanced_x2.jpg","width":2400,"height":1000},{"@type":"WebSite","@id":"https:\/\/acaounivida.org.br\/#website","url":"https:\/\/acaounivida.org.br\/","name":"Associa\u00e7\u00e3o Espa\u00e7o Curumim","description":"A\u00e7\u00e3o UniVida: Institui\u00e7\u00e3o beneficente que constr\u00f3i um mundo melhor atrav\u00e9s da educa\u00e7\u00e3o em valores e apoio a fam\u00edlias vulner\u00e1veis. Conhe\u00e7a nossos projetos e como ajudar.","publisher":{"@id":"https:\/\/acaounivida.org.br\/#organization"},"potentialAction":[{"@type":"SearchAction","target":{"@type":"EntryPoint","urlTemplate":"https:\/\/acaounivida.org.br\/?s={search_term_string}"},"query-input":{"@type":"PropertyValueSpecification","valueRequired":true,"valueName":"search_term_string"}}],"inLanguage":"pt-BR"},{"@type":"Organization","@id":"https:\/\/acaounivida.org.br\/#organization","name":"Associa\u00e7\u00e3o Espa\u00e7o Curumim","url":"https:\/\/acaounivida.org.br\/","logo":{"@type":"ImageObject","inLanguage":"pt-BR","@id":"https:\/\/acaounivida.org.br\/#\/schema\/logo\/image\/","url":"https:\/\/acaounivida.org.br\/wp-content\/uploads\/2025\/07\/logo-com-sobra-2025.png","contentUrl":"https:\/\/acaounivida.org.br\/wp-content\/uploads\/2025\/07\/logo-com-sobra-2025.png","width":400,"height":347,"caption":"Associa\u00e7\u00e3o Espa\u00e7o Curumim"},"image":{"@id":"https:\/\/acaounivida.org.br\/#\/schema\/logo\/image\/"},"sameAs":["https:\/\/www.facebook.com\/associacaoespacocurumim","https:\/\/www.instagram.com\/associacaoespacocurumim\/"]}]}},"featured_media_urls":[],"_links":{"self":[{"href":"https:\/\/acaounivida.org.br\/index.php\/wp-json\/wp\/v2\/pages\/13","targetHints":{"allow":["GET"]}}],"collection":[{"href":"https:\/\/acaounivida.org.br\/index.php\/wp-json\/wp\/v2\/pages"}],"about":[{"href":"https:\/\/acaounivida.org.br\/index.php\/wp-json\/wp\/v2\/types\/page"}],"author":[{"embeddable":true,"href":"https:\/\/acaounivida.org.br\/index.php\/wp-json\/wp\/v2\/users\/1"}],"replies":[{"embeddable":true,"href":"https:\/\/acaounivida.org.br\/index.php\/wp-json\/wp\/v2\/comments?post=13"}],"version-history":[{"count":96,"href":"https:\/\/acaounivida.org.br\/index.php\/wp-json\/wp\/v2\/pages\/13\/revisions"}],"predecessor-version":[{"id":2473,"href":"https:\/\/acaounivida.org.br\/index.php\/wp-json\/wp\/v2\/pages\/13\/revisions\/2473"}],"wp:attachment":[{"href":"https:\/\/acaounivida.org.br\/index.php\/wp-json\/wp\/v2\/media?parent=13"}],"curies":[{"name":"wp","href":"https:\/\/api.w.org\/{rel}","templated":true}]}}