{"id":12,"date":"2025-05-17T03:44:29","date_gmt":"2025-05-17T06:44:29","guid":{"rendered":"http:\/\/acaounivida.org.br\/?page_id=12"},"modified":"2025-08-18T11:10:08","modified_gmt":"2025-08-18T14:10:08","slug":"sobre","status":"publish","type":"page","link":"https:\/\/acaounivida.org.br\/index.php\/sobre\/","title":{"rendered":""},"content":{"rendered":"\n<figure class=\"wp-block-image alignfull size-large\" style=\"margin-top: -28px;\">\n    <img decoding=\"async\" src=\"http:\/\/acaounivida.org.br\/wp-content\/uploads\/2025\/07\/mimi-Recuperado-Copia.jpg\" alt=\"\" class=\"wp-image-2351\"\/>\n<\/figure>\n\n\n\n<h3 class=\"wp-block-heading has-text-align-center\"><br>&#8220;<strong>Lutamos<\/strong> e <strong>TRABALHAMOS<\/strong> por uma <strong>SOCIEDADE<\/strong> mais justa <br>e igualit\u00e1ria para <strong>TODOS<\/strong>&#8220;!<\/h3>\n\n\n\n<h1 class=\"wp-block-heading has-text-align-center\">Justificativa para o Projeto<\/h1>\n\n\n\n<div style=\"height:40px\" aria-hidden=\"true\" class=\"wp-block-spacer\"><\/div>\n\n\n\n<div class=\"wp-block-media-text alignfull has-media-on-the-right is-stacked-on-mobile is-vertically-aligned-center\"><div class=\"wp-block-media-text__content\">\n<div class=\"pag-sobre\">\n<p>Na Zona Leste, onde a Institui\u00e7\u00e3o est\u00e1 inserida, tem  mais de 3,8 milh\u00f5es de habitantes e apenas 5% dos moradores pertencentes \u00e0 classe \u201cA\u201d. De acordo com o mapa da vulnerabilidade, 73,3% \u00e1rea de ocupa\u00e7\u00e3o alta exclus\u00e3o social. A popula\u00e7\u00e3o economicamente ativa que vive na Zona Leste \u00e9 composta de aproximadamente 1,8 milh\u00e3o de habitantes, o que representa 31% da PEA (Popula\u00e7\u00e3o Economicamente Ativa) de S\u00e3o Paulo.&nbsp;<\/p>\n\n<p>Estima-se que h\u00e1 360 mil desempregados nesta regi\u00e3o, ou seja, 40% dos trabalhadores da cidade. De acordo com CRT (Centro de Refer\u00eancia e Tratamento de DSTs \/ Aids), em S\u00e3o Miguel Paulista, bairro carente da periferia, concentra-se um grande n\u00famero de soropositivos e h\u00e1 uma car\u00eancia no atendimento aos seus filhos que ficam a merc\u00ea da marginalidade, desnutri\u00e7\u00e3o e necessidade\u00a0afetiva, devido \u00e0 aus\u00eancia dos pais durante muito tempo para o tratamento.&nbsp;<\/p>\n\n<p>O distrito da Vila Curu\u00e7\u00e1 est\u00e1 caracterizado pela popula\u00e7\u00e3o carente em v\u00e1rios aspectos econ\u00f4micos e culturais, e a maioria de seus habitantes vive de uma baixa renda familiar.&nbsp;<\/p>\n<\/div>\n<\/div><figure class=\"wp-block-media-text__media\"><img fetchpriority=\"high\" decoding=\"async\" width=\"950\" height=\"712\" src=\"http:\/\/acaounivida.org.br\/wp-content\/uploads\/2025\/07\/IMG-20190810-WA0039-copia.jpg\" alt=\"\" class=\"wp-image-2455 size-full\" srcset=\"https:\/\/acaounivida.org.br\/wp-content\/uploads\/2025\/07\/IMG-20190810-WA0039-copia.jpg 950w, https:\/\/acaounivida.org.br\/wp-content\/uploads\/2025\/07\/IMG-20190810-WA0039-copia-300x225.jpg 300w\" sizes=\"(max-width: 950px) 100vw, 950px\" \/><\/figure><\/div>\n\n\n\n<div class=\"wp-block-media-text alignfull is-stacked-on-mobile is-vertically-aligned-center\"><figure class=\"wp-block-media-text__media\"><img decoding=\"async\" width=\"950\" height=\"712\" src=\"http:\/\/acaounivida.org.br\/wp-content\/uploads\/2025\/07\/IMG-20190809-WA0018-copia.jpg\" alt=\"\" class=\"wp-image-2456 size-full\" srcset=\"https:\/\/acaounivida.org.br\/wp-content\/uploads\/2025\/07\/IMG-20190809-WA0018-copia.jpg 950w, https:\/\/acaounivida.org.br\/wp-content\/uploads\/2025\/07\/IMG-20190809-WA0018-copia-300x225.jpg 300w\" sizes=\"(max-width: 950px) 100vw, 950px\" \/><\/figure><div class=\"wp-block-media-text__content\">\n<div class=\"pag-sobre\">\n<p>Com isso, o aumento de domic\u00edlios chefiados por mulheres na regi\u00e3o. A popula\u00e7\u00e3o local, em sua maioria, sobrevive de baixos sal\u00e1rios, desempenhando atividades no ramo da constru\u00e7\u00e3o civil, como pedreiros ou ajudantes de pedreiros, dom\u00e9sticas ou diaristas em domicilio situados para uma regi\u00e3o; grande parte dessas atividades \u00e9 espor\u00e1dica, n\u00e3o garantindo a subsist\u00eancia.&nbsp;<\/p>\n\n<p>Entre a \u00e1rea de abrang\u00eancia deste servi\u00e7o, destacam-se como comunidades \u00c1gua Vermelha e JD Nazar\u00e9, Vila Etelvina, Vila Curu\u00e7\u00e1, Guaianazes, Parque Santa Rita, JD Robru, Jardim Lourdes, Cidade Tiradentes, como grupos de priva\u00e7\u00e3o social, uma popula\u00e7\u00e3o vulner\u00e1vel, predominantemente jovem.&nbsp;<\/p>\n\n<p>40% dos chefes de fam\u00edlia n\u00e3o possuem carteira assinada, 90% s\u00e3o mulheres, com baixa renda e n\u00edvel baixo escolar, apenas 31,5% tem ensino fundamental completo e 13% s\u00e3o analfabetos; e h\u00e1 a maior concentra\u00e7\u00e3o de crian\u00e7as e adolescentes. Tamb\u00e9m Verificou-se tamb\u00e9m que at\u00e9 a cria\u00e7\u00e3o da Univida n\u00e3o havia ali uma entidade que desenvolvesse trabalhos sociais na regi\u00e3o e atendesse \u00e0s necessidades das crian\u00e7as. No Brasil, cerca de 20 mil jovens brasileiros com menos de 12 anos nasceram ou foram infectados com o HIV, v\u00edrus causador da Aids.&nbsp;<\/p>\n<\/div>\n<\/div><\/div>\n\n\n\n<div style=\"height:9px\" aria-hidden=\"true\" class=\"wp-block-spacer\"><\/div>\n\n\n\n<div style=\"height:38px\" aria-hidden=\"true\" class=\"wp-block-spacer\"><\/div>\n\n\n\n<blockquote class=\"wp-block-quote is-layout-flow wp-block-quote-is-layout-flow\">\n<h3 class=\"wp-block-heading has-text-align-center\"><em>\u201cEntendo que solidariedade \u00e9 enxergar no pr\u00f3ximo \u00e0s l\u00e1grimas nunca choradas <\/em><br><em>e as ang\u00fastias nunca verbalizadas.\u201d<\/em> <br><strong>Augusto Cury<\/strong><\/h3>\n<\/blockquote>\n\n\n\n<div style=\"height:8px\" aria-hidden=\"true\" class=\"wp-block-spacer\"><\/div>\n\n\n\n<div class=\"wp-block-columns alignwide is-layout-flex wp-container-core-columns-is-layout-28f84493 wp-block-columns-is-layout-flex\">\n<div class=\"wp-block-column is-layout-flow wp-block-column-is-layout-flow\">\n<figure class=\"wp-block-image size-full\"><img decoding=\"async\" width=\"768\" height=\"576\" src=\"http:\/\/acaounivida.org.br\/wp-content\/uploads\/2025\/07\/Emanuel-e-Pedro-H-768x576-2.jpg\" alt=\"\" class=\"wp-image-2451\" srcset=\"https:\/\/acaounivida.org.br\/wp-content\/uploads\/2025\/07\/Emanuel-e-Pedro-H-768x576-2.jpg 768w, https:\/\/acaounivida.org.br\/wp-content\/uploads\/2025\/07\/Emanuel-e-Pedro-H-768x576-2-300x225.jpg 300w\" sizes=\"(max-width: 768px) 100vw, 768px\" \/><\/figure>\n\n\n\n<h3 class=\"wp-block-heading has-text-align-center\"><strong>Nossos Colaboradores<\/strong><\/h3>\n\n\n\n<div class=\"pag-sobre\"><p>Somos uma fam\u00edlia formada por educadores, cuidadores, volunt\u00e1rios e profissionais comprometidos com o bem-estar das crian\u00e7as e fam\u00edlias assistidas. Trabalhamos com dedica\u00e7\u00e3o, empatia e amor, garantindo que cada a\u00e7\u00e3o reflita nosso compromisso com a transforma\u00e7\u00e3o social.&nbsp;<\/p><\/div>\n<\/div>\n\n\n\n<div class=\"wp-block-column is-layout-flow wp-block-column-is-layout-flow\">\n<figure class=\"wp-block-image size-full\"><img loading=\"lazy\" decoding=\"async\" width=\"768\" height=\"576\" src=\"http:\/\/acaounivida.org.br\/wp-content\/uploads\/2025\/07\/IMG-20200218-WA0126-768x576-1.jpg\" alt=\"\" class=\"wp-image-2446\" srcset=\"https:\/\/acaounivida.org.br\/wp-content\/uploads\/2025\/07\/IMG-20200218-WA0126-768x576-1.jpg 768w, https:\/\/acaounivida.org.br\/wp-content\/uploads\/2025\/07\/IMG-20200218-WA0126-768x576-1-300x225.jpg 300w\" sizes=\"(max-width: 768px) 100vw, 768px\" \/><\/figure>\n\n\n\n<h3 class=\"wp-block-heading has-text-align-center\"><strong>Nossa Filosofia<\/strong><\/h3>\n\n\n\n<div class=\"pag-sobre\"><p>Acreditamos na for\u00e7a do acolhimento, da educa\u00e7\u00e3o e da cultura como pilares para um futuro digno. Nosso trabalho \u00e9 guiado pelo respeito, pela solidariedade e pelo desenvolvimento humano, sem distin\u00e7\u00e3o de cren\u00e7a, origem ou condi\u00e7\u00e3o, promovendo valores \u00e9ticos e inclus\u00e3o social.&nbsp;<\/p><\/div>\n<\/div>\n\n\n\n<div class=\"wp-block-column is-layout-flow wp-block-column-is-layout-flow\">\n<figure class=\"wp-block-image size-full\"><img loading=\"lazy\" decoding=\"async\" width=\"768\" height=\"576\" src=\"http:\/\/acaounivida.org.br\/wp-content\/uploads\/2025\/07\/168090588_3812849025473407_4834385888436268253_n-768x576-1.jpg\" alt=\"\" class=\"wp-image-2447\" srcset=\"https:\/\/acaounivida.org.br\/wp-content\/uploads\/2025\/07\/168090588_3812849025473407_4834385888436268253_n-768x576-1.jpg 768w, https:\/\/acaounivida.org.br\/wp-content\/uploads\/2025\/07\/168090588_3812849025473407_4834385888436268253_n-768x576-1-300x225.jpg 300w\" sizes=\"(max-width: 768px) 100vw, 768px\" \/><\/figure>\n\n\n\n<h3 class=\"wp-block-heading has-text-align-center\"><strong>Trabalhos Desenvolvidos<\/strong><\/h3>\n\n\n\n<div class=\"pag-sobre\"><p>Oferecemos atividades educativas, recreativas e culturais para crian\u00e7as no contraturno escolar, al\u00e9m de refei\u00e7\u00f5es, apoio \u00e0 higiene, doa\u00e7\u00e3o de cestas b\u00e1sicas e kits de estudo. Tamb\u00e9m realizamos a\u00e7\u00f5es com comunidades e assist\u00eancia \u00e0 popula\u00e7\u00e3o em situa\u00e7\u00e3o de rua.&nbsp;<\/p><\/div>\n<\/div>\n<\/div>\n\n\n\n<div class=\"wp-block-buttons is-content-justification-center is-layout-flex wp-container-core-buttons-is-layout-a89b3969 wp-block-buttons-is-layout-flex\">\n<div class=\"wp-block-button\"><a class=\"wp-block-button__link wp-element-button\" href=\"http:\/\/acaounivida.org.br\/index.php\/nosso-dia-a-dia\/\">Nosso Dia a Dia<\/a><\/div>\n<\/div>\n\n\n\n<div style=\"height:11px\" aria-hidden=\"true\" class=\"wp-block-spacer\"><\/div>\n\n\n\n<h3 class=\"wp-block-heading has-text-align-center\" id=\"inspiro-is-a-digital-product-agency-that-focuses-on-strategy-and-desig\" style=\"font-style:normal;font-weight:300\">YouTube video player<\/h3>\n\n\n\n<div class=\"video-custom\">\n  <iframe \n    src=\"https:\/\/www.youtube.com\/embed\/sMvWa70VWFQ?si=80tr7kMt0GBeTlGz\" title=\"YouTube video player\" \n    frameborder=\"0\" \n    allow=\"accelerometer; autoplay; clipboard-write; encrypted-media; gyroscope; picture-in-picture; web-share\" \n    referrerpolicy=\"strict-origin-when-cross-origin\" \n    allowfullscreen>\n  <\/iframe>\n<\/div>\n\n\n\n<div style=\"height:47px\" aria-hidden=\"true\" class=\"wp-block-spacer\"><\/div>\n\n\n\n<h2 class=\"wp-block-heading has-text-align-center\">Hist\u00f3ria do Instituto Beneficente A\u00e7\u00e3o Univida<\/h2>\n\n\n\n<div class=\"texto-curumim\">\n  <p>A A\u00e7\u00e3o Univida nasceu da ideia de uma sociedade mais justa, humanizada e sem preconceitos.<\/p>\n\n  <p>Assim, um grupo de amigos \u2014 entre eles Elias Jos\u00e9 Cagnoni e Elza Alves \u2014 com o mesmo ideal e prop\u00f3sito, fundou a Institui\u00e7\u00e3o Beneficente A\u00e7\u00e3o Univida.<\/p>\n\n  <p>O projeto teve in\u00edcio em 1998, quando o grupo come\u00e7ou a arrecadar doa\u00e7\u00f5es entre amigos para montar cestas b\u00e1sicas, que inicialmente beneficiaram cinco fam\u00edlias vivendo com HIV\/AIDS.<\/p>\n\n  <p>Esses volunt\u00e1rios perceberam que, ao acolherem as crian\u00e7as enquanto seus pais se dedicavam ao tratamento, estariam contribuindo para a recupera\u00e7\u00e3o mais r\u00e1pida desses pais, permitindo que eles retomassem o cuidado de seus filhos.<\/p>\n\n  <p>Nasceu, ent\u00e3o, em maio de 1999, a Institui\u00e7\u00e3o Beneficente A\u00e7\u00e3o Univida.<\/p>\n\n  <p>O objetivo principal \u00e9 contribuir para a redu\u00e7\u00e3o da incid\u00eancia de DST\/HIV\/AIDS na popula\u00e7\u00e3o atendida. A institui\u00e7\u00e3o se dedica a acolher crian\u00e7as e adolescentes que vivem e convivem com o HIV\/AIDS, bem como seus familiares, tirando-os das ruas, da vulnerabilidade social e garantindo seus direitos conforme estabelecido pelo Estatuto da Crian\u00e7a e do Adolescente (ECA).<\/p>\n<\/div>\n\n\n\n<div style=\"height:30px\" aria-hidden=\"true\" class=\"wp-block-spacer\"><\/div>\n\n\n\n<div class=\"wp-block-button is-style-fill\" style=\"text-align: center\">\n  <a class=\"wp-block-button__link has-text-align-center wp-element-button\" \n    href=\"http:\/\/acaounivida.org.br\/index.php\/como-ajudar\/\" \n    style=\"background-color: #FF0000; color: white; padding: 10px 20px; border-radius: 50px; text-decoration: none;font-size: 20px; font-weight: 600; left: 0%; width: 150px; height: 50px; position: relative\">\n    Doar\n  <\/a>\n<\/div>\n\n\n\n<div style=\"height:53px\" aria-hidden=\"true\" class=\"wp-block-spacer\"><\/div>\n\n\n\n<div class=\"googlemaps\">\n<iframe src=\"https:\/\/www.google.com\/maps\/embed?pb=!1m18!1m12!1m3!1d3658.5233399928456!2d-46.41749862502266!3d-23.513672359841213!2m3!1f0!2f0!3f0!3m2!1i1024!2i768!4f13.1!3m3!1m2!1s0x94ce6476a20b18df%3A0xe68e57be957f8399!2sAv.%20Jo%C3%A3o%20Batista%20Santiago%2C%20373%20-%20Parque%20Santa%20Rita%2C%20S%C3%A3o%20Paulo%20-%20SP%2C%2008150-030!5e0!3m2!1spt-BR!2sbr!4v1752803887391!5m2!1spt-BR!2sbr\" width=\"600\" height=\"450\" style=\"border:0;\" allowfullscreen=\"\" loading=\"lazy\" referrerpolicy=\"no-referrer-when-downgrade\"><\/iframe>\n<\/div>\n","protected":false},"excerpt":{"rendered":"<p>&#8220;Lutamos e TRABALHAMOS por uma SOCIEDADE mais justa e igualit\u00e1ria para TODOS&#8220;! Justificativa para o Projeto Na Zona Leste, onde a Institui\u00e7\u00e3o est\u00e1 inserida, tem mais de 3,8 milh\u00f5es de habitantes e apenas 5% dos moradores pertencentes \u00e0 classe \u201cA\u201d. De acordo com o mapa da vulnerabilidade, 73,3% \u00e1rea de ocupa\u00e7\u00e3o alta exclus\u00e3o social. A &hellip; <\/p>\n<p class=\"link-more\"><a href=\"https:\/\/acaounivida.org.br\/index.php\/sobre\/\" class=\"more-link\">Leia mais<span class=\"screen-reader-text\"> &#8220;&#8221;<\/span><\/a><\/p>\n","protected":false},"author":1,"featured_media":0,"parent":0,"menu_order":0,"comment_status":"closed","ping_status":"closed","template":"","meta":{"inspiro_hide_title":false,"footnotes":""},"class_list":["post-12","page","type-page","status-publish","hentry"],"yoast_head":"<!-- This site is optimized with the Yoast SEO plugin v27.4 - https:\/\/yoast.com\/product\/yoast-seo-wordpress\/ -->\n<title>- Institui\u00e7\u00e3o Beneficente A\u00e7\u00e3o Univida<\/title>\n<meta name=\"description\" content=\"Conhe\u00e7a a Associa\u00e7\u00e3o Espa\u00e7o Curumim: desde 2009 acolhendo crian\u00e7as e fam\u00edlias em situa\u00e7\u00e3o de vulnerabilidade no Centro de S\u00e3o Paulo. Promovemos desenvolvimento, educa\u00e7\u00e3o e apoio social.\" \/>\n<meta name=\"robots\" content=\"index, follow, max-snippet:-1, max-image-preview:large, max-video-preview:-1\" \/>\n<link rel=\"canonical\" href=\"https:\/\/acaounivida.org.br\/index.php\/sobre\/\" \/>\n<meta property=\"og:locale\" content=\"pt_BR\" \/>\n<meta property=\"og:type\" content=\"article\" \/>\n<meta property=\"og:title\" content=\"- Institui\u00e7\u00e3o Beneficente A\u00e7\u00e3o Univida\" \/>\n<meta property=\"og:description\" content=\"Conhe\u00e7a a Associa\u00e7\u00e3o Espa\u00e7o Curumim: desde 2009 acolhendo crian\u00e7as e fam\u00edlias em situa\u00e7\u00e3o de vulnerabilidade no Centro de S\u00e3o Paulo. Promovemos desenvolvimento, educa\u00e7\u00e3o e apoio social.\" \/>\n<meta property=\"og:url\" content=\"https:\/\/acaounivida.org.br\/index.php\/sobre\/\" \/>\n<meta property=\"og:site_name\" content=\"Institui\u00e7\u00e3o Beneficente A\u00e7\u00e3o Univida\" \/>\n<meta property=\"article:publisher\" content=\"https:\/\/www.facebook.com\/associacaoespacocurumim\" \/>\n<meta property=\"article:modified_time\" content=\"2025-08-18T14:10:08+00:00\" \/>\n<meta property=\"og:image\" content=\"https:\/\/acaounivida.org.br\/wp-content\/uploads\/2025\/07\/BannercarapintadaTextofundolapis1_LE_upscale_balanced_x2.jpg\" \/>\n\t<meta property=\"og:image:width\" content=\"2400\" \/>\n\t<meta property=\"og:image:height\" content=\"1000\" \/>\n\t<meta property=\"og:image:type\" content=\"image\/jpeg\" \/>\n<meta name=\"twitter:card\" content=\"summary_large_image\" \/>\n<meta name=\"twitter:label1\" content=\"Est. tempo de leitura\" \/>\n\t<meta name=\"twitter:data1\" content=\"5 minutos\" \/>\n<script type=\"application\/ld+json\" class=\"yoast-schema-graph\">{\"@context\":\"https:\\\/\\\/schema.org\",\"@graph\":[{\"@type\":\"WebPage\",\"@id\":\"https:\\\/\\\/acaounivida.org.br\\\/index.php\\\/sobre\\\/\",\"url\":\"https:\\\/\\\/acaounivida.org.br\\\/index.php\\\/sobre\\\/\",\"name\":\"- Institui\u00e7\u00e3o Beneficente A\u00e7\u00e3o Univida\",\"isPartOf\":{\"@id\":\"https:\\\/\\\/acaounivida.org.br\\\/#website\"},\"primaryImageOfPage\":{\"@id\":\"https:\\\/\\\/acaounivida.org.br\\\/index.php\\\/sobre\\\/#primaryimage\"},\"image\":{\"@id\":\"https:\\\/\\\/acaounivida.org.br\\\/index.php\\\/sobre\\\/#primaryimage\"},\"thumbnailUrl\":\"http:\\\/\\\/acaounivida.org.br\\\/wp-content\\\/uploads\\\/2025\\\/07\\\/mimi-Recuperado-Copia.jpg\",\"datePublished\":\"2025-05-17T06:44:29+00:00\",\"dateModified\":\"2025-08-18T14:10:08+00:00\",\"description\":\"Conhe\u00e7a a Associa\u00e7\u00e3o Espa\u00e7o Curumim: desde 2009 acolhendo crian\u00e7as e fam\u00edlias em situa\u00e7\u00e3o de vulnerabilidade no Centro de S\u00e3o Paulo. Promovemos desenvolvimento, educa\u00e7\u00e3o e apoio social.\",\"inLanguage\":\"pt-BR\",\"potentialAction\":[{\"@type\":\"ReadAction\",\"target\":[\"https:\\\/\\\/acaounivida.org.br\\\/index.php\\\/sobre\\\/\"]}]},{\"@type\":\"ImageObject\",\"inLanguage\":\"pt-BR\",\"@id\":\"https:\\\/\\\/acaounivida.org.br\\\/index.php\\\/sobre\\\/#primaryimage\",\"url\":\"https:\\\/\\\/acaounivida.org.br\\\/wp-content\\\/uploads\\\/2025\\\/07\\\/BannercarapintadaTextofundolapis1_LE_upscale_balanced_x2.jpg\",\"contentUrl\":\"https:\\\/\\\/acaounivida.org.br\\\/wp-content\\\/uploads\\\/2025\\\/07\\\/BannercarapintadaTextofundolapis1_LE_upscale_balanced_x2.jpg\",\"width\":2400,\"height\":1000},{\"@type\":\"WebSite\",\"@id\":\"https:\\\/\\\/acaounivida.org.br\\\/#website\",\"url\":\"https:\\\/\\\/acaounivida.org.br\\\/\",\"name\":\"Associa\u00e7\u00e3o Espa\u00e7o Curumim\",\"description\":\"A\u00e7\u00e3o UniVida: Institui\u00e7\u00e3o beneficente que constr\u00f3i um mundo melhor atrav\u00e9s da educa\u00e7\u00e3o em valores e apoio a fam\u00edlias vulner\u00e1veis. Conhe\u00e7a nossos projetos e como ajudar.\",\"publisher\":{\"@id\":\"https:\\\/\\\/acaounivida.org.br\\\/#organization\"},\"potentialAction\":[{\"@type\":\"SearchAction\",\"target\":{\"@type\":\"EntryPoint\",\"urlTemplate\":\"https:\\\/\\\/acaounivida.org.br\\\/?s={search_term_string}\"},\"query-input\":{\"@type\":\"PropertyValueSpecification\",\"valueRequired\":true,\"valueName\":\"search_term_string\"}}],\"inLanguage\":\"pt-BR\"},{\"@type\":\"Organization\",\"@id\":\"https:\\\/\\\/acaounivida.org.br\\\/#organization\",\"name\":\"Associa\u00e7\u00e3o Espa\u00e7o Curumim\",\"url\":\"https:\\\/\\\/acaounivida.org.br\\\/\",\"logo\":{\"@type\":\"ImageObject\",\"inLanguage\":\"pt-BR\",\"@id\":\"https:\\\/\\\/acaounivida.org.br\\\/#\\\/schema\\\/logo\\\/image\\\/\",\"url\":\"https:\\\/\\\/acaounivida.org.br\\\/wp-content\\\/uploads\\\/2025\\\/07\\\/logo-com-sobra-2025.png\",\"contentUrl\":\"https:\\\/\\\/acaounivida.org.br\\\/wp-content\\\/uploads\\\/2025\\\/07\\\/logo-com-sobra-2025.png\",\"width\":400,\"height\":347,\"caption\":\"Associa\u00e7\u00e3o Espa\u00e7o Curumim\"},\"image\":{\"@id\":\"https:\\\/\\\/acaounivida.org.br\\\/#\\\/schema\\\/logo\\\/image\\\/\"},\"sameAs\":[\"https:\\\/\\\/www.facebook.com\\\/associacaoespacocurumim\",\"https:\\\/\\\/www.instagram.com\\\/associacaoespacocurumim\\\/\"]}]}<\/script>\n<!-- \/ Yoast SEO plugin. -->","yoast_head_json":{"title":"- Institui\u00e7\u00e3o Beneficente A\u00e7\u00e3o Univida","description":"Conhe\u00e7a a Associa\u00e7\u00e3o Espa\u00e7o Curumim: desde 2009 acolhendo crian\u00e7as e fam\u00edlias em situa\u00e7\u00e3o de vulnerabilidade no Centro de S\u00e3o Paulo. Promovemos desenvolvimento, educa\u00e7\u00e3o e apoio social.","robots":{"index":"index","follow":"follow","max-snippet":"max-snippet:-1","max-image-preview":"max-image-preview:large","max-video-preview":"max-video-preview:-1"},"canonical":"https:\/\/acaounivida.org.br\/index.php\/sobre\/","og_locale":"pt_BR","og_type":"article","og_title":"- Institui\u00e7\u00e3o Beneficente A\u00e7\u00e3o Univida","og_description":"Conhe\u00e7a a Associa\u00e7\u00e3o Espa\u00e7o Curumim: desde 2009 acolhendo crian\u00e7as e fam\u00edlias em situa\u00e7\u00e3o de vulnerabilidade no Centro de S\u00e3o Paulo. Promovemos desenvolvimento, educa\u00e7\u00e3o e apoio social.","og_url":"https:\/\/acaounivida.org.br\/index.php\/sobre\/","og_site_name":"Institui\u00e7\u00e3o Beneficente A\u00e7\u00e3o Univida","article_publisher":"https:\/\/www.facebook.com\/associacaoespacocurumim","article_modified_time":"2025-08-18T14:10:08+00:00","og_image":[{"width":2400,"height":1000,"url":"https:\/\/acaounivida.org.br\/wp-content\/uploads\/2025\/07\/BannercarapintadaTextofundolapis1_LE_upscale_balanced_x2.jpg","type":"image\/jpeg"}],"twitter_card":"summary_large_image","twitter_misc":{"Est. tempo de leitura":"5 minutos"},"schema":{"@context":"https:\/\/schema.org","@graph":[{"@type":"WebPage","@id":"https:\/\/acaounivida.org.br\/index.php\/sobre\/","url":"https:\/\/acaounivida.org.br\/index.php\/sobre\/","name":"- Institui\u00e7\u00e3o Beneficente A\u00e7\u00e3o Univida","isPartOf":{"@id":"https:\/\/acaounivida.org.br\/#website"},"primaryImageOfPage":{"@id":"https:\/\/acaounivida.org.br\/index.php\/sobre\/#primaryimage"},"image":{"@id":"https:\/\/acaounivida.org.br\/index.php\/sobre\/#primaryimage"},"thumbnailUrl":"http:\/\/acaounivida.org.br\/wp-content\/uploads\/2025\/07\/mimi-Recuperado-Copia.jpg","datePublished":"2025-05-17T06:44:29+00:00","dateModified":"2025-08-18T14:10:08+00:00","description":"Conhe\u00e7a a Associa\u00e7\u00e3o Espa\u00e7o Curumim: desde 2009 acolhendo crian\u00e7as e fam\u00edlias em situa\u00e7\u00e3o de vulnerabilidade no Centro de S\u00e3o Paulo. Promovemos desenvolvimento, educa\u00e7\u00e3o e apoio social.","inLanguage":"pt-BR","potentialAction":[{"@type":"ReadAction","target":["https:\/\/acaounivida.org.br\/index.php\/sobre\/"]}]},{"@type":"ImageObject","inLanguage":"pt-BR","@id":"https:\/\/acaounivida.org.br\/index.php\/sobre\/#primaryimage","url":"https:\/\/acaounivida.org.br\/wp-content\/uploads\/2025\/07\/BannercarapintadaTextofundolapis1_LE_upscale_balanced_x2.jpg","contentUrl":"https:\/\/acaounivida.org.br\/wp-content\/uploads\/2025\/07\/BannercarapintadaTextofundolapis1_LE_upscale_balanced_x2.jpg","width":2400,"height":1000},{"@type":"WebSite","@id":"https:\/\/acaounivida.org.br\/#website","url":"https:\/\/acaounivida.org.br\/","name":"Associa\u00e7\u00e3o Espa\u00e7o Curumim","description":"A\u00e7\u00e3o UniVida: Institui\u00e7\u00e3o beneficente que constr\u00f3i um mundo melhor atrav\u00e9s da educa\u00e7\u00e3o em valores e apoio a fam\u00edlias vulner\u00e1veis. Conhe\u00e7a nossos projetos e como ajudar.","publisher":{"@id":"https:\/\/acaounivida.org.br\/#organization"},"potentialAction":[{"@type":"SearchAction","target":{"@type":"EntryPoint","urlTemplate":"https:\/\/acaounivida.org.br\/?s={search_term_string}"},"query-input":{"@type":"PropertyValueSpecification","valueRequired":true,"valueName":"search_term_string"}}],"inLanguage":"pt-BR"},{"@type":"Organization","@id":"https:\/\/acaounivida.org.br\/#organization","name":"Associa\u00e7\u00e3o Espa\u00e7o Curumim","url":"https:\/\/acaounivida.org.br\/","logo":{"@type":"ImageObject","inLanguage":"pt-BR","@id":"https:\/\/acaounivida.org.br\/#\/schema\/logo\/image\/","url":"https:\/\/acaounivida.org.br\/wp-content\/uploads\/2025\/07\/logo-com-sobra-2025.png","contentUrl":"https:\/\/acaounivida.org.br\/wp-content\/uploads\/2025\/07\/logo-com-sobra-2025.png","width":400,"height":347,"caption":"Associa\u00e7\u00e3o Espa\u00e7o Curumim"},"image":{"@id":"https:\/\/acaounivida.org.br\/#\/schema\/logo\/image\/"},"sameAs":["https:\/\/www.facebook.com\/associacaoespacocurumim","https:\/\/www.instagram.com\/associacaoespacocurumim\/"]}]}},"featured_media_urls":[],"_links":{"self":[{"href":"https:\/\/acaounivida.org.br\/index.php\/wp-json\/wp\/v2\/pages\/12","targetHints":{"allow":["GET"]}}],"collection":[{"href":"https:\/\/acaounivida.org.br\/index.php\/wp-json\/wp\/v2\/pages"}],"about":[{"href":"https:\/\/acaounivida.org.br\/index.php\/wp-json\/wp\/v2\/types\/page"}],"author":[{"embeddable":true,"href":"https:\/\/acaounivida.org.br\/index.php\/wp-json\/wp\/v2\/users\/1"}],"replies":[{"embeddable":true,"href":"https:\/\/acaounivida.org.br\/index.php\/wp-json\/wp\/v2\/comments?post=12"}],"version-history":[{"count":219,"href":"https:\/\/acaounivida.org.br\/index.php\/wp-json\/wp\/v2\/pages\/12\/revisions"}],"predecessor-version":[{"id":2654,"href":"https:\/\/acaounivida.org.br\/index.php\/wp-json\/wp\/v2\/pages\/12\/revisions\/2654"}],"wp:attachment":[{"href":"https:\/\/acaounivida.org.br\/index.php\/wp-json\/wp\/v2\/media?parent=12"}],"curies":[{"name":"wp","href":"https:\/\/api.w.org\/{rel}","templated":true}]}}